{"id":29,"date":"2019-10-24T17:37:21","date_gmt":"2019-10-24T15:37:21","guid":{"rendered":"https:\/\/onmediadev.se\/steampunk\/victorian\/?page_id=29"},"modified":"2025-03-07T18:26:10","modified_gmt":"2025-03-07T17:26:10","slug":"kontakt","status":"publish","type":"page","link":"https:\/\/steampunkbar.se\/victorian\/kontakt\/","title":{"rendered":"Kontakt"},"content":{"rendered":"\r\n<p>Boka bord via <a href=\"https:\/\/widget.thefork.com\/5bf8a7bf-479c-4621-b935-db77c2436724\" target=\"_blank\" rel=\"noopener\">v\u00e5r bordsbokning<\/a> senast <strong>24 timmar innan ankomst<\/strong>. Er bokning beh\u00f6ver bekr\u00e4ftas av oss innan ankomst.<\/p>\r\n\r\n\r\n\r\n<p>Bordsbokning mindre \u00e4n 24 timmar innan ankomst kan bara g\u00f6ras p\u00e5 telefon: <a href=\"tel:0317742055\">031-774 20 55<\/a> .<\/p>\r\n\r\n\r\n\r\n<div class=\"wp-block-spacer\" style=\"height: 25px;\" aria-hidden=\"true\">\u00a0<\/div>\r\n\r\n\r\n\r\n<p>&nbsp;<\/p>\r\n","protected":false},"excerpt":{"rendered":"<p>Boka bord via v\u00e5r bordsbokning senast 24 timmar innan ankomst. Er bokning beh\u00f6ver bekr\u00e4ftas av oss innan ankomst. Bordsbokning mindre \u00e4n 24 timmar innan ankomst kan bara g\u00f6ras p\u00e5 telefon: 031-774 20 55 . &nbsp;<\/p>\n","protected":false},"author":1,"featured_media":4095,"parent":0,"menu_order":0,"comment_status":"closed","ping_status":"closed","template":"sidmall-kontakt.php","meta":{"footnotes":""},"acf":[],"yoast_head":"<!-- This site is optimized with the Yoast SEO plugin v19.13 - https:\/\/yoast.com\/wordpress\/plugins\/seo\/ -->\n<title>Kontakta Victorian Steampunk Lab<\/title>\n<meta name=\"description\" content=\"Har du fr\u00e5gor om bordsbokning i v\u00e5r cocktailbar, steampunk eller beh\u00f6ver du bara sm\u00f6rja kugghjulen lite? Kontakta Victorian Steampunk Lab.\" \/>\n<meta name=\"robots\" content=\"index, follow, max-snippet:-1, max-image-preview:large, max-video-preview:-1\" \/>\n<link rel=\"canonical\" href=\"https:\/\/steampunkbar.se\/victorian\/kontakt\/\" \/>\n<meta property=\"og:locale\" content=\"sv_SE\" \/>\n<meta property=\"og:type\" content=\"article\" \/>\n<meta property=\"og:title\" content=\"Kontakta Victorian Steampunk Lab\" \/>\n<meta property=\"og:description\" content=\"Har du fr\u00e5gor om bordsbokning i v\u00e5r cocktailbar, steampunk eller beh\u00f6ver du bara sm\u00f6rja kugghjulen lite? Kontakta Victorian Steampunk Lab.\" \/>\n<meta property=\"og:url\" content=\"https:\/\/steampunkbar.se\/victorian\/kontakt\/\" \/>\n<meta property=\"og:site_name\" content=\"Victorian Steampunk Lab\" \/>\n<meta property=\"article:modified_time\" content=\"2025-03-07T17:26:10+00:00\" \/>\n<meta property=\"og:image\" content=\"https:\/\/steampunkbar.se\/victorian\/wp-content\/uploads\/sites\/2\/2020\/01\/IMG_1126-min-scaled.jpg\" \/>\n\t<meta property=\"og:image:width\" content=\"2560\" \/>\n\t<meta property=\"og:image:height\" content=\"1845\" \/>\n\t<meta property=\"og:image:type\" content=\"image\/jpeg\" \/>\n<meta name=\"twitter:card\" content=\"summary_large_image\" \/>\n<script type=\"application\/ld+json\" class=\"yoast-schema-graph\">{\"@context\":\"https:\/\/schema.org\",\"@graph\":[{\"@type\":\"WebPage\",\"@id\":\"https:\/\/steampunkbar.se\/victorian\/kontakt\/\",\"url\":\"https:\/\/steampunkbar.se\/victorian\/kontakt\/\",\"name\":\"Kontakta Victorian Steampunk Lab\",\"isPartOf\":{\"@id\":\"https:\/\/steampunkbar.se\/victorian\/#website\"},\"datePublished\":\"2019-10-24T15:37:21+00:00\",\"dateModified\":\"2025-03-07T17:26:10+00:00\",\"description\":\"Har du fr\u00e5gor om bordsbokning i v\u00e5r cocktailbar, steampunk eller beh\u00f6ver du bara sm\u00f6rja kugghjulen lite? Kontakta Victorian Steampunk Lab.\",\"breadcrumb\":{\"@id\":\"https:\/\/steampunkbar.se\/victorian\/kontakt\/#breadcrumb\"},\"inLanguage\":\"sv-SE\",\"potentialAction\":[{\"@type\":\"ReadAction\",\"target\":[\"https:\/\/steampunkbar.se\/victorian\/kontakt\/\"]}]},{\"@type\":\"BreadcrumbList\",\"@id\":\"https:\/\/steampunkbar.se\/victorian\/kontakt\/#breadcrumb\",\"itemListElement\":[{\"@type\":\"ListItem\",\"position\":1,\"name\":\"Hem\",\"item\":\"https:\/\/steampunkbar.se\/victorian\/\"},{\"@type\":\"ListItem\",\"position\":2,\"name\":\"Kontakt\"}]},{\"@type\":\"WebSite\",\"@id\":\"https:\/\/steampunkbar.se\/victorian\/#website\",\"url\":\"https:\/\/steampunkbar.se\/victorian\/\",\"name\":\"Victorian Steampunk Lab\",\"description\":\"Resturang victorian steampunk lab\",\"potentialAction\":[{\"@type\":\"SearchAction\",\"target\":{\"@type\":\"EntryPoint\",\"urlTemplate\":\"https:\/\/steampunkbar.se\/victorian\/?s={search_term_string}\"},\"query-input\":\"required name=search_term_string\"}],\"inLanguage\":\"sv-SE\"}]}<\/script>\n<!-- \/ Yoast SEO plugin. -->","yoast_head_json":{"title":"Kontakta Victorian Steampunk Lab","description":"Har du fr\u00e5gor om bordsbokning i v\u00e5r cocktailbar, steampunk eller beh\u00f6ver du bara sm\u00f6rja kugghjulen lite? Kontakta Victorian Steampunk Lab.","robots":{"index":"index","follow":"follow","max-snippet":"max-snippet:-1","max-image-preview":"max-image-preview:large","max-video-preview":"max-video-preview:-1"},"canonical":"https:\/\/steampunkbar.se\/victorian\/kontakt\/","og_locale":"sv_SE","og_type":"article","og_title":"Kontakta Victorian Steampunk Lab","og_description":"Har du fr\u00e5gor om bordsbokning i v\u00e5r cocktailbar, steampunk eller beh\u00f6ver du bara sm\u00f6rja kugghjulen lite? Kontakta Victorian Steampunk Lab.","og_url":"https:\/\/steampunkbar.se\/victorian\/kontakt\/","og_site_name":"Victorian Steampunk Lab","article_modified_time":"2025-03-07T17:26:10+00:00","og_image":[{"width":2560,"height":1845,"url":"https:\/\/steampunkbar.se\/victorian\/wp-content\/uploads\/sites\/2\/2020\/01\/IMG_1126-min-scaled.jpg","type":"image\/jpeg"}],"twitter_card":"summary_large_image","schema":{"@context":"https:\/\/schema.org","@graph":[{"@type":"WebPage","@id":"https:\/\/steampunkbar.se\/victorian\/kontakt\/","url":"https:\/\/steampunkbar.se\/victorian\/kontakt\/","name":"Kontakta Victorian Steampunk Lab","isPartOf":{"@id":"https:\/\/steampunkbar.se\/victorian\/#website"},"datePublished":"2019-10-24T15:37:21+00:00","dateModified":"2025-03-07T17:26:10+00:00","description":"Har du fr\u00e5gor om bordsbokning i v\u00e5r cocktailbar, steampunk eller beh\u00f6ver du bara sm\u00f6rja kugghjulen lite? Kontakta Victorian Steampunk Lab.","breadcrumb":{"@id":"https:\/\/steampunkbar.se\/victorian\/kontakt\/#breadcrumb"},"inLanguage":"sv-SE","potentialAction":[{"@type":"ReadAction","target":["https:\/\/steampunkbar.se\/victorian\/kontakt\/"]}]},{"@type":"BreadcrumbList","@id":"https:\/\/steampunkbar.se\/victorian\/kontakt\/#breadcrumb","itemListElement":[{"@type":"ListItem","position":1,"name":"Hem","item":"https:\/\/steampunkbar.se\/victorian\/"},{"@type":"ListItem","position":2,"name":"Kontakt"}]},{"@type":"WebSite","@id":"https:\/\/steampunkbar.se\/victorian\/#website","url":"https:\/\/steampunkbar.se\/victorian\/","name":"Victorian Steampunk Lab","description":"Resturang victorian steampunk lab","potentialAction":[{"@type":"SearchAction","target":{"@type":"EntryPoint","urlTemplate":"https:\/\/steampunkbar.se\/victorian\/?s={search_term_string}"},"query-input":"required name=search_term_string"}],"inLanguage":"sv-SE"}]}},"_links":{"self":[{"href":"https:\/\/steampunkbar.se\/victorian\/wp-json\/wp\/v2\/pages\/29"}],"collection":[{"href":"https:\/\/steampunkbar.se\/victorian\/wp-json\/wp\/v2\/pages"}],"about":[{"href":"https:\/\/steampunkbar.se\/victorian\/wp-json\/wp\/v2\/types\/page"}],"author":[{"embeddable":true,"href":"https:\/\/steampunkbar.se\/victorian\/wp-json\/wp\/v2\/users\/1"}],"replies":[{"embeddable":true,"href":"https:\/\/steampunkbar.se\/victorian\/wp-json\/wp\/v2\/comments?post=29"}],"version-history":[{"count":11,"href":"https:\/\/steampunkbar.se\/victorian\/wp-json\/wp\/v2\/pages\/29\/revisions"}],"predecessor-version":[{"id":6985,"href":"https:\/\/steampunkbar.se\/victorian\/wp-json\/wp\/v2\/pages\/29\/revisions\/6985"}],"wp:featuredmedia":[{"embeddable":true,"href":"https:\/\/steampunkbar.se\/victorian\/wp-json\/wp\/v2\/media\/4095"}],"wp:attachment":[{"href":"https:\/\/steampunkbar.se\/victorian\/wp-json\/wp\/v2\/media?parent=29"}],"curies":[{"name":"wp","href":"https:\/\/api.w.org\/{rel}","templated":true}]}}