{"id":4116,"date":"2020-01-25T17:13:11","date_gmt":"2020-01-25T16:13:11","guid":{"rendered":"https:\/\/steampunkbar.se\/victorian\/?page_id=4116"},"modified":"2025-11-25T15:41:47","modified_gmt":"2025-11-25T14:41:47","slug":"cocktail-provning","status":"publish","type":"page","link":"https:\/\/steampunkbar.se\/victorian\/dryckesprovning\/cocktail-provning\/","title":{"rendered":"Cocktailprovning i G\u00f6teborg"},"content":{"rendered":"\r\n<p style=\"font-size: 25px;\">\u00a0<\/p>\r\n\r\n\r\n\r\n<p>&nbsp;<\/p>\r\n\r\n\r\n\r\n<p>&nbsp;<\/p>\r\n\r\n\r\n\r\n<h2 class=\"has-text-align-left wp-block-heading\">Boka cocktailprovning med en av Sveriges b\u00e4sta bartender<\/h2>\r\n\r\n\r\n\r\n<p style=\"font-size: 23px;\">Ska du anordna en teamaktivitet eller letar du m\u00f6hippa-aktiviteter i G\u00f6teborg? Eller \u00e4r ni kanske ett kompisg\u00e4ng som bara \u00e4r ute efter att g\u00f6ra n\u00e5got roligt tillsammans? Boka en cocktailprovning, en perfekt gruppaktivitet d\u00e4r vi p\u00e5 Steampunk Lab tillsammans med er skapar ett minne f\u00f6r livet!<\/p>\r\n\r\n\r\n\r\n<p>F\u00f6lj med p\u00e5 en smakresa d\u00e4r du f\u00e5r avnjuta 6 cocktails tillredda av n\u00e5gra av Sveriges b\u00e4sta bartenders. I denna drinkkurs kommer vi blanda cocktails i absoluta v\u00e4rldsklass. Det blir b\u00e5de klassiska drinkar och helt nya smakupplevelser h\u00e4r p\u00e5 Victorian Steampunk Lab n\u00e4r vi g\u00f6r en djupdykning i drinkblandning!<\/p>\r\n\r\n\r\n\r\n<div class=\"wp-block-media-text alignwide is-stacked-on-mobile\">\r\n<figure class=\"wp-block-media-text__media\"><img decoding=\"async\" loading=\"lazy\" width=\"660\" height=\"482\" class=\"wp-image-4777\" src=\"https:\/\/steampunkbar.se\/victorian\/wp-content\/uploads\/sites\/2\/2020\/12\/cocktailprovning.jpg\" alt=\"cocktailprovning, rykande drink\" srcset=\"https:\/\/steampunkbar.se\/victorian\/wp-content\/uploads\/sites\/2\/2020\/12\/cocktailprovning.jpg 660w, https:\/\/steampunkbar.se\/victorian\/wp-content\/uploads\/sites\/2\/2020\/12\/cocktailprovning-300x219.jpg 300w\" sizes=\"(max-width: 660px) 100vw, 660px\" \/><\/figure>\r\n<div class=\"wp-block-media-text__content\">\r\n<h2 class=\"wp-block-heading\">L\u00e4r dig blanda drinkar hemma som ett proffs<\/h2>\r\n\r\n\r\n\r\n<p style=\"font-size: 19px;\">Under cocktailprovningen kommer vi g\u00e5 igenom olika cocktails som g\u00e5r att blanda hemma, allt fr\u00e5n enkla drinkar till fest till en lite finare v\u00e4lkomstdrink som kommer att imponera p\u00e5 dina g\u00e4ster p\u00e5 finmiddagen. <br \/><strong>Vi g\u00e5r dessutom igenom tips f\u00f6r dig som gillar att blanda drinkar hemma:<\/strong><\/p>\r\n\r\n\r\n\r\n<ul>\r\n<li>Redskap \u2013 vilka bartillbeh\u00f6r beh\u00f6ver du ha hemma?<\/li>\r\n<li>F\u00f6rberedelse \u2013 hur f\u00f6rbereder du en drinkblandning p\u00e5 b\u00e4sta s\u00e4tt?<\/li>\r\n<li>Klassiska drinkar \u2013 flaskor att alltid ha hemma!<\/li>\r\n<li>T\u00e4nk r\u00e4tt &amp; drick gott \u2013 para ihop din mat och dryck p\u00e5 b\u00e4sta s\u00e4tt!<\/li>\r\n<li>Blanda egna syrups \u2013 s\u00e5 enkelt \u00e4r det!<\/li>\r\n<\/ul>\r\n\r\n\r\n\r\n<p>V\u00e4lkommen till v\u00e5r cocktailbar i G\u00f6teborg, d\u00e4r vi inte bara bjuder p\u00e5 en underh\u00e5llande cocktailprovning med fantastiska drinkar, utan \u00e4ven ger dig inspiration till att blanda goda drinkar med ingredienserna du hittar hemma i f\u00f6rr\u00e5det! Boka cocktailprovning i G\u00f6teborg genom att f\u00f6lja i formul\u00e4ret h\u00e4r nedan, skicka e-post till <a href=\"mailto:victorian@atsteampunkbar.se\">victorian@atsteampunkbar.se<\/a> eller ring <a href=\"tel:+4631-7742055\">031-774 20 55.<\/a><\/p>\r\n<\/div>\r\n<\/div>\r\n\r\n\r\n\r\n<p>\u00c5lder: 18 \u00e5r<\/p>\r\n\r\n\r\n\r\n<p>Antal: Fr\u00e5n 4 personer<\/p>\r\n\r\n\r\n\r\n<p>Pris: 695:-\u00a0 per person vid 4-8 personer<\/p>\r\n<p>Pris: 595:-\u00a0 per person vid 9+ personer<\/p>\r\n<p>\u00c4r ni f\u00e4rre \u00e4n 4 personer kontakta oss \u00e4nd\u00e5 ibland finns det m\u00f6jlighet att s\u00e5 ihop grupper.<\/p>\r\n\r\n\r\n\r\n<p>Tid: Ca 2 Timmar.<\/p>\r\n<p>Avbokning och allergier m.m anm\u00e4ls senast 24 timmar innan provning.\u00a0<\/p>\r\n\r\n\r\n\r\n<h3 class=\"wp-block-heading\">Boka cocktailprovning h\u00e4r<\/h3>\r\n\r\n\r\n\r\n\n<div class=\"wpcf7 no-js\" id=\"wpcf7-f4715-o1\" lang=\"sv-SE\" dir=\"ltr\">\n<div class=\"screen-reader-response\"><p role=\"status\" aria-live=\"polite\" aria-atomic=\"true\"><\/p> <ul><\/ul><\/div>\n<form action=\"\/victorian\/wp-json\/wp\/v2\/pages\/4116#wpcf7-f4715-o1\" method=\"post\" class=\"wpcf7-form init\" aria-label=\"Kontaktformul\u00e4r\" novalidate=\"novalidate\" data-status=\"init\">\n<div style=\"display: none;\">\n<input type=\"hidden\" name=\"_wpcf7\" value=\"4715\" \/>\n<input type=\"hidden\" name=\"_wpcf7_version\" value=\"5.9.5\" \/>\n<input type=\"hidden\" name=\"_wpcf7_locale\" value=\"sv_SE\" \/>\n<input type=\"hidden\" name=\"_wpcf7_unit_tag\" value=\"wpcf7-f4715-o1\" \/>\n<input type=\"hidden\" name=\"_wpcf7_container_post\" value=\"0\" \/>\n<input type=\"hidden\" name=\"_wpcf7_posted_data_hash\" value=\"\" \/>\n<\/div>\n<div class=\"row weird-input-fields\">\n\t<div class=\"col-md-6 col-12 mt-3\">\n\t\t<p><label>Namn*<\/label><br \/>\n<span class=\"wpcf7-form-control-wrap\" data-name=\"your-name\"><input size=\"40\" class=\"wpcf7-form-control wpcf7-text wpcf7-validates-as-required\" aria-required=\"true\" aria-invalid=\"false\" placeholder=\"Ditt namn*\" value=\"\" type=\"text\" name=\"your-name\" \/><\/span>\n\t\t<\/p>\n\t<\/div>\n\t<div class=\"col-md-6 col-12 mt-3\">\n\t\t<p><label>E-post*<\/label><br \/>\n<span class=\"wpcf7-form-control-wrap\" data-name=\"your-email\"><input size=\"40\" class=\"wpcf7-form-control wpcf7-email wpcf7-validates-as-required wpcf7-text wpcf7-validates-as-email\" aria-required=\"true\" aria-invalid=\"false\" placeholder=\"Din e-postadress*\" value=\"\" type=\"email\" name=\"your-email\" \/><\/span>\n\t\t<\/p>\n\t<\/div>\n\t<div class=\"col-md-6 col-12 mt-3\">\n\t\t<p><label>Telefon<\/label><br \/>\n<span class=\"wpcf7-form-control-wrap\" data-name=\"yourtel\"><input size=\"40\" class=\"wpcf7-form-control wpcf7-tel wpcf7-text wpcf7-validates-as-tel\" aria-invalid=\"false\" placeholder=\"Ditt telefonnummer\" value=\"\" type=\"tel\" name=\"yourtel\" \/><\/span>\n\t\t<\/p>\n\t<\/div>\n\t<div class=\"col-md-6 col-12 mt-3\">\n\t\t<p><label>Datum*<\/label><br \/>\n<span class=\"wpcf7-form-control-wrap\" data-name=\"date-arrive\"><input size=\"40\" class=\"wpcf7-form-control wpcf7-text wpcf7-validates-as-required\" aria-required=\"true\" aria-invalid=\"false\" placeholder=\"15 januari 2020*\" value=\"\" type=\"text\" name=\"date-arrive\" \/><\/span>\n\t\t<\/p>\n\t<\/div>\n\t<div class=\"col-md-6 col-12 mt-3\">\n\t\t<p><label>Tid*<\/label><br \/>\n<span class=\"wpcf7-form-control-wrap\" data-name=\"time-arrive\"><input size=\"40\" class=\"wpcf7-form-control wpcf7-text wpcf7-validates-as-required\" aria-required=\"true\" aria-invalid=\"false\" placeholder=\"18:30*\" value=\"\" type=\"text\" name=\"time-arrive\" \/><\/span>\n\t\t<\/p>\n\t<\/div>\n\t<div class=\"col-md-6 col-12 mt-3\">\n\t\t<p><label>Antal personer*<\/label><br \/>\n<span class=\"wpcf7-form-control-wrap\" data-name=\"antal-besokare\"><input class=\"wpcf7-form-control wpcf7-number wpcf7-validates-as-required wpcf7-validates-as-number\" aria-required=\"true\" aria-invalid=\"false\" placeholder=\"4\" value=\"\" type=\"number\" name=\"antal-besokare\" \/><\/span>\n\t\t<\/p>\n\t<\/div>\n<\/div>\n<p><label class=\"mt-3\">\u00d6vriga upplysningar till restaurangen<\/label><br \/>\n<span class=\"wpcf7-form-control-wrap\" data-name=\"your-message\"><textarea cols=\"40\" rows=\"10\" class=\"wpcf7-form-control wpcf7-textarea\" aria-invalid=\"false\" placeholder=\"Skriv h\u00e4r...\" name=\"your-message\"><\/textarea><\/span>\n<\/p>\n<p><input class=\"wpcf7-form-control wpcf7-submit has-spinner btn-success\" type=\"submit\" value=\"Skicka\" \/>\n<\/p><div class=\"wpcf7-response-output\" aria-hidden=\"true\"><\/div>\n<\/form>\n<\/div>\n\r\n","protected":false},"excerpt":{"rendered":"<p>\u00a0 &nbsp; &nbsp; Boka cocktailprovning med en av Sveriges b\u00e4sta bartender Ska du anordna en teamaktivitet eller letar du m\u00f6hippa-aktiviteter i G\u00f6teborg? Eller \u00e4r ni kanske ett kompisg\u00e4ng som bara \u00e4r ute efter att g\u00f6ra n\u00e5got roligt tillsammans? Boka en cocktailprovning, en perfekt gruppaktivitet d\u00e4r vi p\u00e5 Steampunk Lab tillsammans med er skapar ett minne <a href=\"https:\/\/steampunkbar.se\/victorian\/dryckesprovning\/cocktail-provning\/\" class=\"more-link\">&#8230;<\/a><\/p>\n","protected":false},"author":3,"featured_media":5315,"parent":5976,"menu_order":0,"comment_status":"closed","ping_status":"closed","template":"","meta":{"footnotes":""},"acf":[],"yoast_head":"<!-- This site is optimized with the Yoast SEO plugin v19.13 - https:\/\/yoast.com\/wordpress\/plugins\/seo\/ -->\n<title>Cocktailprovning G\u00f6teborg | Victorian Steampunk Lab<\/title>\n<meta name=\"description\" content=\"Upplev klassiska drinkar &amp; nya sp\u00e4nnande cocktails. G\u00e5 en drinkkurs &amp; l\u00e4r dig drinkblandning p\u00e5 after work eller som m\u00f6hippa-aktivitet. Boka drinkprovning h\u00e4r!\" \/>\n<meta name=\"robots\" content=\"index, follow, max-snippet:-1, max-image-preview:large, max-video-preview:-1\" \/>\n<link rel=\"canonical\" href=\"https:\/\/steampunkbar.se\/victorian\/dryckesprovning\/cocktail-provning\/\" \/>\n<meta property=\"og:locale\" content=\"sv_SE\" \/>\n<meta property=\"og:type\" content=\"article\" \/>\n<meta property=\"og:title\" content=\"Cocktailprovning G\u00f6teborg | Victorian Steampunk Lab\" \/>\n<meta property=\"og:description\" content=\"Upplev klassiska drinkar &amp; nya sp\u00e4nnande cocktails. G\u00e5 en drinkkurs &amp; l\u00e4r dig drinkblandning p\u00e5 after work eller som m\u00f6hippa-aktivitet. Boka drinkprovning h\u00e4r!\" \/>\n<meta property=\"og:url\" content=\"https:\/\/steampunkbar.se\/victorian\/dryckesprovning\/cocktail-provning\/\" \/>\n<meta property=\"og:site_name\" content=\"Victorian Steampunk Lab\" \/>\n<meta property=\"article:modified_time\" content=\"2025-11-25T14:41:47+00:00\" \/>\n<meta property=\"og:image\" content=\"https:\/\/steampunkbar.se\/victorian\/wp-content\/uploads\/sites\/2\/2022\/02\/drink-1.jpg\" \/>\n\t<meta property=\"og:image:width\" content=\"960\" \/>\n\t<meta property=\"og:image:height\" content=\"720\" \/>\n\t<meta property=\"og:image:type\" content=\"image\/jpeg\" \/>\n<meta name=\"twitter:card\" content=\"summary_large_image\" \/>\n<meta name=\"twitter:label1\" content=\"Ber\u00e4knad l\u00e4stid\" \/>\n\t<meta name=\"twitter:data1\" content=\"2 minuter\" \/>\n<script type=\"application\/ld+json\" class=\"yoast-schema-graph\">{\"@context\":\"https:\/\/schema.org\",\"@graph\":[{\"@type\":\"WebPage\",\"@id\":\"https:\/\/steampunkbar.se\/victorian\/dryckesprovning\/cocktail-provning\/\",\"url\":\"https:\/\/steampunkbar.se\/victorian\/dryckesprovning\/cocktail-provning\/\",\"name\":\"Cocktailprovning G\u00f6teborg | Victorian Steampunk Lab\",\"isPartOf\":{\"@id\":\"https:\/\/steampunkbar.se\/victorian\/#website\"},\"datePublished\":\"2020-01-25T16:13:11+00:00\",\"dateModified\":\"2025-11-25T14:41:47+00:00\",\"description\":\"Upplev klassiska drinkar & nya sp\u00e4nnande cocktails. G\u00e5 en drinkkurs & l\u00e4r dig drinkblandning p\u00e5 after work eller som m\u00f6hippa-aktivitet. Boka drinkprovning h\u00e4r!\",\"breadcrumb\":{\"@id\":\"https:\/\/steampunkbar.se\/victorian\/dryckesprovning\/cocktail-provning\/#breadcrumb\"},\"inLanguage\":\"sv-SE\",\"potentialAction\":[{\"@type\":\"ReadAction\",\"target\":[\"https:\/\/steampunkbar.se\/victorian\/dryckesprovning\/cocktail-provning\/\"]}]},{\"@type\":\"BreadcrumbList\",\"@id\":\"https:\/\/steampunkbar.se\/victorian\/dryckesprovning\/cocktail-provning\/#breadcrumb\",\"itemListElement\":[{\"@type\":\"ListItem\",\"position\":1,\"name\":\"Hem\",\"item\":\"https:\/\/steampunkbar.se\/victorian\/\"},{\"@type\":\"ListItem\",\"position\":2,\"name\":\"Dryckesprovning i G\u00f6teborg\",\"item\":\"https:\/\/steampunkbar.se\/victorian\/dryckesprovning\/\"},{\"@type\":\"ListItem\",\"position\":3,\"name\":\"Cocktailprovning i G\u00f6teborg\"}]},{\"@type\":\"WebSite\",\"@id\":\"https:\/\/steampunkbar.se\/victorian\/#website\",\"url\":\"https:\/\/steampunkbar.se\/victorian\/\",\"name\":\"Victorian Steampunk Lab\",\"description\":\"Resturang victorian steampunk lab\",\"potentialAction\":[{\"@type\":\"SearchAction\",\"target\":{\"@type\":\"EntryPoint\",\"urlTemplate\":\"https:\/\/steampunkbar.se\/victorian\/?s={search_term_string}\"},\"query-input\":\"required name=search_term_string\"}],\"inLanguage\":\"sv-SE\"}]}<\/script>\n<!-- \/ Yoast SEO plugin. -->","yoast_head_json":{"title":"Cocktailprovning G\u00f6teborg | Victorian Steampunk Lab","description":"Upplev klassiska drinkar & nya sp\u00e4nnande cocktails. G\u00e5 en drinkkurs & l\u00e4r dig drinkblandning p\u00e5 after work eller som m\u00f6hippa-aktivitet. Boka drinkprovning h\u00e4r!","robots":{"index":"index","follow":"follow","max-snippet":"max-snippet:-1","max-image-preview":"max-image-preview:large","max-video-preview":"max-video-preview:-1"},"canonical":"https:\/\/steampunkbar.se\/victorian\/dryckesprovning\/cocktail-provning\/","og_locale":"sv_SE","og_type":"article","og_title":"Cocktailprovning G\u00f6teborg | Victorian Steampunk Lab","og_description":"Upplev klassiska drinkar & nya sp\u00e4nnande cocktails. G\u00e5 en drinkkurs & l\u00e4r dig drinkblandning p\u00e5 after work eller som m\u00f6hippa-aktivitet. Boka drinkprovning h\u00e4r!","og_url":"https:\/\/steampunkbar.se\/victorian\/dryckesprovning\/cocktail-provning\/","og_site_name":"Victorian Steampunk Lab","article_modified_time":"2025-11-25T14:41:47+00:00","og_image":[{"width":960,"height":720,"url":"https:\/\/steampunkbar.se\/victorian\/wp-content\/uploads\/sites\/2\/2022\/02\/drink-1.jpg","type":"image\/jpeg"}],"twitter_card":"summary_large_image","twitter_misc":{"Ber\u00e4knad l\u00e4stid":"2 minuter"},"schema":{"@context":"https:\/\/schema.org","@graph":[{"@type":"WebPage","@id":"https:\/\/steampunkbar.se\/victorian\/dryckesprovning\/cocktail-provning\/","url":"https:\/\/steampunkbar.se\/victorian\/dryckesprovning\/cocktail-provning\/","name":"Cocktailprovning G\u00f6teborg | Victorian Steampunk Lab","isPartOf":{"@id":"https:\/\/steampunkbar.se\/victorian\/#website"},"datePublished":"2020-01-25T16:13:11+00:00","dateModified":"2025-11-25T14:41:47+00:00","description":"Upplev klassiska drinkar & nya sp\u00e4nnande cocktails. G\u00e5 en drinkkurs & l\u00e4r dig drinkblandning p\u00e5 after work eller som m\u00f6hippa-aktivitet. Boka drinkprovning h\u00e4r!","breadcrumb":{"@id":"https:\/\/steampunkbar.se\/victorian\/dryckesprovning\/cocktail-provning\/#breadcrumb"},"inLanguage":"sv-SE","potentialAction":[{"@type":"ReadAction","target":["https:\/\/steampunkbar.se\/victorian\/dryckesprovning\/cocktail-provning\/"]}]},{"@type":"BreadcrumbList","@id":"https:\/\/steampunkbar.se\/victorian\/dryckesprovning\/cocktail-provning\/#breadcrumb","itemListElement":[{"@type":"ListItem","position":1,"name":"Hem","item":"https:\/\/steampunkbar.se\/victorian\/"},{"@type":"ListItem","position":2,"name":"Dryckesprovning i G\u00f6teborg","item":"https:\/\/steampunkbar.se\/victorian\/dryckesprovning\/"},{"@type":"ListItem","position":3,"name":"Cocktailprovning i G\u00f6teborg"}]},{"@type":"WebSite","@id":"https:\/\/steampunkbar.se\/victorian\/#website","url":"https:\/\/steampunkbar.se\/victorian\/","name":"Victorian Steampunk Lab","description":"Resturang victorian steampunk lab","potentialAction":[{"@type":"SearchAction","target":{"@type":"EntryPoint","urlTemplate":"https:\/\/steampunkbar.se\/victorian\/?s={search_term_string}"},"query-input":"required name=search_term_string"}],"inLanguage":"sv-SE"}]}},"_links":{"self":[{"href":"https:\/\/steampunkbar.se\/victorian\/wp-json\/wp\/v2\/pages\/4116"}],"collection":[{"href":"https:\/\/steampunkbar.se\/victorian\/wp-json\/wp\/v2\/pages"}],"about":[{"href":"https:\/\/steampunkbar.se\/victorian\/wp-json\/wp\/v2\/types\/page"}],"author":[{"embeddable":true,"href":"https:\/\/steampunkbar.se\/victorian\/wp-json\/wp\/v2\/users\/3"}],"replies":[{"embeddable":true,"href":"https:\/\/steampunkbar.se\/victorian\/wp-json\/wp\/v2\/comments?post=4116"}],"version-history":[{"count":49,"href":"https:\/\/steampunkbar.se\/victorian\/wp-json\/wp\/v2\/pages\/4116\/revisions"}],"predecessor-version":[{"id":7176,"href":"https:\/\/steampunkbar.se\/victorian\/wp-json\/wp\/v2\/pages\/4116\/revisions\/7176"}],"up":[{"embeddable":true,"href":"https:\/\/steampunkbar.se\/victorian\/wp-json\/wp\/v2\/pages\/5976"}],"wp:featuredmedia":[{"embeddable":true,"href":"https:\/\/steampunkbar.se\/victorian\/wp-json\/wp\/v2\/media\/5315"}],"wp:attachment":[{"href":"https:\/\/steampunkbar.se\/victorian\/wp-json\/wp\/v2\/media?parent=4116"}],"curies":[{"name":"wp","href":"https:\/\/api.w.org\/{rel}","templated":true}]}}