{"id":5545,"date":"2022-06-09T17:02:16","date_gmt":"2022-06-09T15:02:16","guid":{"rendered":"https:\/\/steampunkbar.se\/victorian\/?page_id=5545"},"modified":"2026-04-10T09:24:01","modified_gmt":"2026-04-10T07:24:01","slug":"foretagsevent-goteborg","status":"publish","type":"page","link":"https:\/\/steampunkbar.se\/victorian\/foretagsevent-goteborg\/","title":{"rendered":"F\u00f6retagsevent i G\u00f6teborg"},"content":{"rendered":"\r\n<h2 class=\"has-text-align-left wp-block-heading\">Boka en AW i G\u00f6teborg med Steampunk-tema!<\/h2>\r\n\r\n\r\n\r\n<p style=\"font-size: 23px;\"><em>S\u00f6ker du en upplevelse ut\u00f6ver det vanliga? Upplev en rolig after work, unik middag eller sp\u00e4nnande dryckesprovning p\u00e5 Victorian Steampunk Lab p\u00e5 Viktoriagatan i G\u00f6teborg, en lite annorlunda restaurang i \u00e4kta steampunk-tema. Ta med kollegorna eller v\u00e4nnerna p\u00e5 en unik upplevelse i en milj\u00f6 inspirerad av Viktoriansk Steampunk! <\/em><\/p>\r\n\r\n\r\n\r\n<p><span style=\"font-weight: 400;\">V\u00e5r restaurang i G\u00f6teborg fokuserar runt estetiken steampunk i v\u00e5r inredning, mat och v\u00e5ra drycker. Vi erbjuder flera alternativ f\u00f6r roliga upplevelser; fr\u00e5n AW med dryckesprovning till en stor f\u00f6retagsmiddag med hela bolaget! Ta kontakt med oss eller fyll i formul\u00e4ret nedan f\u00f6r att p\u00e5b\u00f6rja resan!\u00a0 <\/span><\/p>\r\n\r\n\r\n\r\n<div class=\"wp-block-media-text alignwide is-stacked-on-mobile\">\r\n<figure class=\"wp-block-media-text__media\"><img decoding=\"async\" loading=\"lazy\" width=\"660\" height=\"482\" class=\"wp-image-4777\" src=\"https:\/\/steampunkbar.se\/victorian\/wp-content\/uploads\/sites\/2\/2020\/12\/cocktailprovning.jpg\" alt=\"cocktailprovning, rykande drink\" srcset=\"https:\/\/steampunkbar.se\/victorian\/wp-content\/uploads\/sites\/2\/2020\/12\/cocktailprovning.jpg 660w, https:\/\/steampunkbar.se\/victorian\/wp-content\/uploads\/sites\/2\/2020\/12\/cocktailprovning-300x219.jpg 300w\" sizes=\"(max-width: 660px) 100vw, 660px\" \/><\/figure>\r\n<div class=\"wp-block-media-text__content\">\r\n<h3 class=\"wp-block-heading\">Teambuilding med drinkblandning<\/h3>\r\n<p><span style=\"font-weight: 400; font-size: 14pt;\">Ta p\u00e5 er labbrockarna och skyddsglas\u00f6gonen, kollegorna och skapa era egna goda drinkar i v\u00e5rt kusliga laboratorium! Vill ni bli de senaste f\u00f6rs\u00f6kskaninerna i v\u00e5r galna professors nya experiment och hj\u00e4lpa dem skapa era egna signaturdrinkar? Testa ert samarbete n\u00e4r ni uts\u00e4tts f\u00f6r labbets rykande faror!\u00a0<\/span><\/p>\r\n<h3>Dryckesprovning som f\u00f6retagsevent<\/h3>\r\n<p><span style=\"font-size: 14pt;\"><span style=\"font-weight: 400;\">Boka in ert f\u00f6retag p\u00e5 en av v\u00e5ra dryckesprovningar och utbilda dig om sp\u00e4nnande och unika drycker i en genuin viktoriansk steampunk-milj\u00f6. <\/span><a href=\"https:\/\/steampunkbar.se\/victorian\/dryckesprovning\/\"><span style=\"font-weight: 400;\">Se v\u00e5ra alternativ f\u00f6r dryckesprovning.<\/span><\/a><\/span><\/p>\r\n<p><span style=\"font-size: 14pt;\"><span style=\"font-weight: 400;\">Ni kan boka in er p\u00e5 en unik \u00f6lprovning som \u00e4r lika v\u00e4lsmakande som den \u00e4r utbildande. Det blir en sp\u00e4nnande kv\u00e4ll tillsammans med sanna \u00f6lm\u00e4stare i v\u00e5r otroliga atmosf\u00e4r. <\/span><a href=\"https:\/\/steampunkbar.se\/victorian\/dryckesprovning\/olprovning-goteborg\/\"><span style=\"font-weight: 400;\">Se mer om just \u00f6lprovning h\u00e4r!\u00a0<\/span><\/a><\/span><\/p>\r\n<p><span style=\"font-size: 14pt;\"><span style=\"font-weight: 400;\">Varf\u00f6r inte testa v\u00e5r ginprovning? Denna smakresa erbjuder tv\u00e5 timmars dryckesprovning blandad med historia och kuriosa &#8211; allt i en unik steampunk milj\u00f6. <\/span><a href=\"https:\/\/steampunkbar.se\/victorian\/dryckesprovning\/ginprovning-goteborg\/\"><span style=\"font-weight: 400;\">L\u00e4s mer om ginprovning.<\/span><\/a><\/span><\/p>\r\n<p><span style=\"font-size: 14pt;\"><span style=\"font-weight: 400;\">Men kanske mest sp\u00e4nnande \u00e4r v\u00e5r cocktailprovning med en av Sveriges b\u00e4sta bartenders! Ta med kollegorna p\u00e5 after work och skapa cocktails i v\u00e4rldsklass. <\/span><a href=\"https:\/\/steampunkbar.se\/victorian\/dryckesprovning\/cocktail-provning\/\"><span style=\"font-weight: 400;\">L\u00e4s mer om v\u00e5r cocktailprovning!<\/span><\/a><span style=\"font-weight: 400;\"> Tillf\u00e4llet \u00e4r tillg\u00e4nglig fr\u00e5n minst 4 personer \u00f6ver 18 \u00e5r och tar cirka 2 timmar.\u00a0<\/span><\/span><\/p>\r\n<p style=\"font-size: 19px;\"><br \/><a href=\"https:\/\/steampunkbar.se\/victorian\/laboratoriet\/\"><span style=\"font-weight: 400;\">Boka laboratoriet som AW med f\u00f6retaget h\u00e4r<\/span><\/a><span style=\"font-weight: 400;\"> eller via formul\u00e4ret nedan. Minimum antal f\u00f6r laboratoriet \u00e4r sex personer och max antal \u00e4r 25. Tillf\u00e4llet tar cirka 2 timmar.<\/span><\/p>\r\n<h3>F\u00f6retagsmiddag i Steampunk-milj\u00f6<\/h3>\r\n<p><span style=\"font-weight: 400; font-size: 14pt;\">Boka in ett f\u00f6retagsevent, kickoff eller kundmiddag p\u00e5 Steampunk Bar! V\u00e5r roliga restaurang i G\u00f6teborg \u00e4r en unik plats att ses p\u00e5 och passar b\u00e5de steampunk fans s\u00e5v\u00e4l de som s\u00f6ker en god middag i tematiserad milj\u00f6.\u00a0<\/span><\/p>\r\n<p><span style=\"font-size: 14pt;\"><span style=\"font-weight: 400;\">V\u00e5r meny har ett brett utbud och med alternativ f\u00f6r paketmenyer. <\/span><a href=\"https:\/\/steampunkbar.se\/victorian\/meny\/\"><span style=\"font-weight: 400;\">Bli imponerad av milj\u00f6 och mat i v\u00e5r restaurang! <\/span><\/a><span style=\"font-weight: 400;\">Vi har bord f\u00f6r stora och sm\u00e5 s\u00e4llskap.\u00a0<\/span><span style=\"font-weight: 400;\">F\u00f6r att boka G\u00f6teborgs b\u00e4sta AW-upplevelse skickar du ett mejl till: <\/span><a href=\"mailto:victorian@atsteampunkbar.se\"><span style=\"font-weight: 400;\">victorian@atsteampunkbar.se<\/span><\/a><span style=\"font-weight: 400;\"> eller ring oss p\u00e5 telefonnummer 031-361 80 89. <\/span><\/span><\/p>\r\n<span style=\"font-size: 14pt;\">\r\n\r\n<\/span><\/div>\r\n<\/div>\r\n\r\n\r\n\r\n<h2 class=\"wp-block-heading\">Boka f\u00f6retagsevent i G\u00f6teborg h\u00e4r<\/h2>\r\n\r\n\r\n\r\n\n<div class=\"wpcf7 no-js\" id=\"wpcf7-f5547-o1\" lang=\"sv-SE\" dir=\"ltr\">\n<div class=\"screen-reader-response\"><p role=\"status\" aria-live=\"polite\" aria-atomic=\"true\"><\/p> <ul><\/ul><\/div>\n<form action=\"\/victorian\/wp-json\/wp\/v2\/pages\/5545#wpcf7-f5547-o1\" method=\"post\" class=\"wpcf7-form init\" aria-label=\"Kontaktformul\u00e4r\" novalidate=\"novalidate\" data-status=\"init\">\n<div style=\"display: none;\">\n<input type=\"hidden\" name=\"_wpcf7\" value=\"5547\" \/>\n<input type=\"hidden\" name=\"_wpcf7_version\" value=\"5.9.5\" \/>\n<input type=\"hidden\" name=\"_wpcf7_locale\" value=\"sv_SE\" \/>\n<input type=\"hidden\" name=\"_wpcf7_unit_tag\" value=\"wpcf7-f5547-o1\" \/>\n<input type=\"hidden\" name=\"_wpcf7_container_post\" value=\"0\" \/>\n<input type=\"hidden\" name=\"_wpcf7_posted_data_hash\" value=\"\" \/>\n<\/div>\n<div class=\"row weird-input-fields\">\n\t<div class=\"col-md-6 col-12 mt-3\">\n\t\t<p><label>Namn*<\/label><br \/>\n<span class=\"wpcf7-form-control-wrap\" data-name=\"your-name\"><input size=\"40\" class=\"wpcf7-form-control wpcf7-text wpcf7-validates-as-required\" aria-required=\"true\" aria-invalid=\"false\" placeholder=\"Ditt namn*\" value=\"\" type=\"text\" name=\"your-name\" \/><\/span>\n\t\t<\/p>\n\t<\/div>\n\t<div class=\"col-md-6 col-12 mt-3\">\n\t\t<p><label>E-post*<\/label><br \/>\n<span class=\"wpcf7-form-control-wrap\" data-name=\"your-email\"><input size=\"40\" class=\"wpcf7-form-control wpcf7-email wpcf7-validates-as-required wpcf7-text wpcf7-validates-as-email\" aria-required=\"true\" aria-invalid=\"false\" placeholder=\"Din e-postadress*\" value=\"\" type=\"email\" name=\"your-email\" \/><\/span>\n\t\t<\/p>\n\t<\/div>\n\t<div class=\"col-md-6 col-12 mt-3\">\n\t\t<p><label>Telefon<\/label><br \/>\n<span class=\"wpcf7-form-control-wrap\" data-name=\"yourtel\"><input size=\"40\" class=\"wpcf7-form-control wpcf7-tel wpcf7-text wpcf7-validates-as-tel\" aria-invalid=\"false\" placeholder=\"Ditt telefonnummer\" value=\"\" type=\"tel\" name=\"yourtel\" \/><\/span>\n\t\t<\/p>\n\t<\/div>\n\t<div class=\"col-md-6 col-12 mt-3\">\n\t\t<p><label>Datum*<\/label><br \/>\n<span class=\"wpcf7-form-control-wrap\" data-name=\"date-arrive\"><input size=\"40\" class=\"wpcf7-form-control wpcf7-text wpcf7-validates-as-required\" aria-required=\"true\" aria-invalid=\"false\" placeholder=\"15 januari 2023*\" value=\"\" type=\"text\" name=\"date-arrive\" \/><\/span>\n\t\t<\/p>\n\t<\/div>\n\t<div class=\"col-md-6 col-12 mt-3\">\n\t\t<p><label>Tid*<\/label><br \/>\n<span class=\"wpcf7-form-control-wrap\" data-name=\"time-arrive\"><input size=\"40\" class=\"wpcf7-form-control wpcf7-text wpcf7-validates-as-required\" aria-required=\"true\" aria-invalid=\"false\" placeholder=\"18:30*\" value=\"\" type=\"text\" name=\"time-arrive\" \/><\/span>\n\t\t<\/p>\n\t<\/div>\n\t<div class=\"col-md-6 col-12 mt-3\">\n\t\t<p><label>Antal personer*<\/label><br \/>\n<span class=\"wpcf7-form-control-wrap\" data-name=\"antal-besokare\"><input class=\"wpcf7-form-control wpcf7-number wpcf7-validates-as-required wpcf7-validates-as-number\" aria-required=\"true\" aria-invalid=\"false\" placeholder=\"4\" value=\"\" type=\"number\" name=\"antal-besokare\" \/><\/span>\n\t\t<\/p>\n\t<\/div>\n<\/div>\n<p><label class=\"mt-3\">\u00d6vriga upplysningar till restaurangen<\/label><br \/>\n<span class=\"wpcf7-form-control-wrap\" data-name=\"your-message\"><textarea cols=\"40\" rows=\"10\" class=\"wpcf7-form-control wpcf7-textarea\" aria-invalid=\"false\" placeholder=\"Skriv h\u00e4r...\" name=\"your-message\"><\/textarea><\/span>\n<\/p>\n<p><input class=\"wpcf7-form-control wpcf7-submit has-spinner btn-success\" type=\"submit\" value=\"Skicka\" \/>\n<\/p><div class=\"wpcf7-response-output\" aria-hidden=\"true\"><\/div>\n<\/form>\n<\/div>\n\r\n","protected":false},"excerpt":{"rendered":"<p>Boka en AW i G\u00f6teborg med Steampunk-tema! S\u00f6ker du en upplevelse ut\u00f6ver det vanliga? Upplev en rolig after work, unik middag eller sp\u00e4nnande dryckesprovning p\u00e5 Victorian Steampunk Lab p\u00e5 Viktoriagatan i G\u00f6teborg, en lite annorlunda restaurang i \u00e4kta steampunk-tema. Ta med kollegorna eller v\u00e4nnerna p\u00e5 en unik upplevelse i en milj\u00f6 inspirerad av Viktoriansk Steampunk! <a href=\"https:\/\/steampunkbar.se\/victorian\/foretagsevent-goteborg\/\" class=\"more-link\">&#8230;<\/a><\/p>\n","protected":false},"author":2,"featured_media":4754,"parent":0,"menu_order":0,"comment_status":"closed","ping_status":"closed","template":"","meta":{"footnotes":""},"acf":[],"yoast_head":"<!-- This site is optimized with the Yoast SEO plugin v19.13 - https:\/\/yoast.com\/wordpress\/plugins\/seo\/ -->\n<title>F\u00f6retagsevent i G\u00f6teborg | Victorian Steampunk Lab<\/title>\n<meta name=\"description\" content=\"Boka G\u00f6teborgs b\u00e4sta AW och f\u00f6retagsevent! Vinprovning, ginprovning, coctailprovning eller varf\u00f6r inte blanda egna drinkar? Boka bord h\u00e4r!\" \/>\n<meta name=\"robots\" content=\"index, nofollow, max-snippet:-1, max-image-preview:large, max-video-preview:-1\" \/>\n<link rel=\"canonical\" href=\"https:\/\/steampunkbar.se\/victorian\/foretagsevent-goteborg\/\" \/>\n<meta property=\"og:locale\" content=\"sv_SE\" \/>\n<meta property=\"og:type\" content=\"article\" \/>\n<meta property=\"og:title\" content=\"F\u00f6retagsevent i G\u00f6teborg | Victorian Steampunk Lab\" \/>\n<meta property=\"og:description\" content=\"Boka G\u00f6teborgs b\u00e4sta AW och f\u00f6retagsevent! Vinprovning, ginprovning, coctailprovning eller varf\u00f6r inte blanda egna drinkar? Boka bord h\u00e4r!\" \/>\n<meta property=\"og:url\" content=\"https:\/\/steampunkbar.se\/victorian\/foretagsevent-goteborg\/\" \/>\n<meta property=\"og:site_name\" content=\"Victorian Steampunk Lab\" \/>\n<meta property=\"article:modified_time\" content=\"2026-04-10T07:24:01+00:00\" \/>\n<meta property=\"og:image\" content=\"https:\/\/steampunkbar.se\/victorian\/wp-content\/uploads\/sites\/2\/2020\/12\/\u00f6l-vicotrian-lab.jpg\" \/>\n\t<meta property=\"og:image:width\" content=\"1254\" \/>\n\t<meta property=\"og:image:height\" content=\"271\" \/>\n\t<meta property=\"og:image:type\" content=\"image\/jpeg\" \/>\n<meta name=\"twitter:card\" content=\"summary_large_image\" \/>\n<meta name=\"twitter:label1\" content=\"Ber\u00e4knad l\u00e4stid\" \/>\n\t<meta name=\"twitter:data1\" content=\"2 minuter\" \/>\n<script type=\"application\/ld+json\" class=\"yoast-schema-graph\">{\"@context\":\"https:\/\/schema.org\",\"@graph\":[{\"@type\":\"WebPage\",\"@id\":\"https:\/\/steampunkbar.se\/victorian\/foretagsevent-goteborg\/\",\"url\":\"https:\/\/steampunkbar.se\/victorian\/foretagsevent-goteborg\/\",\"name\":\"F\u00f6retagsevent i G\u00f6teborg | Victorian Steampunk Lab\",\"isPartOf\":{\"@id\":\"https:\/\/steampunkbar.se\/victorian\/#website\"},\"datePublished\":\"2022-06-09T15:02:16+00:00\",\"dateModified\":\"2026-04-10T07:24:01+00:00\",\"description\":\"Boka G\u00f6teborgs b\u00e4sta AW och f\u00f6retagsevent! Vinprovning, ginprovning, coctailprovning eller varf\u00f6r inte blanda egna drinkar? Boka bord h\u00e4r!\",\"breadcrumb\":{\"@id\":\"https:\/\/steampunkbar.se\/victorian\/foretagsevent-goteborg\/#breadcrumb\"},\"inLanguage\":\"sv-SE\",\"potentialAction\":[{\"@type\":\"ReadAction\",\"target\":[\"https:\/\/steampunkbar.se\/victorian\/foretagsevent-goteborg\/\"]}]},{\"@type\":\"BreadcrumbList\",\"@id\":\"https:\/\/steampunkbar.se\/victorian\/foretagsevent-goteborg\/#breadcrumb\",\"itemListElement\":[{\"@type\":\"ListItem\",\"position\":1,\"name\":\"Hem\",\"item\":\"https:\/\/steampunkbar.se\/victorian\/\"},{\"@type\":\"ListItem\",\"position\":2,\"name\":\"F\u00f6retagsevent i G\u00f6teborg\"}]},{\"@type\":\"WebSite\",\"@id\":\"https:\/\/steampunkbar.se\/victorian\/#website\",\"url\":\"https:\/\/steampunkbar.se\/victorian\/\",\"name\":\"Victorian Steampunk Lab\",\"description\":\"Resturang victorian steampunk lab\",\"potentialAction\":[{\"@type\":\"SearchAction\",\"target\":{\"@type\":\"EntryPoint\",\"urlTemplate\":\"https:\/\/steampunkbar.se\/victorian\/?s={search_term_string}\"},\"query-input\":\"required name=search_term_string\"}],\"inLanguage\":\"sv-SE\"}]}<\/script>\n<!-- \/ Yoast SEO plugin. -->","yoast_head_json":{"title":"F\u00f6retagsevent i G\u00f6teborg | Victorian Steampunk Lab","description":"Boka G\u00f6teborgs b\u00e4sta AW och f\u00f6retagsevent! Vinprovning, ginprovning, coctailprovning eller varf\u00f6r inte blanda egna drinkar? Boka bord h\u00e4r!","robots":{"index":"index","follow":"nofollow","max-snippet":"max-snippet:-1","max-image-preview":"max-image-preview:large","max-video-preview":"max-video-preview:-1"},"canonical":"https:\/\/steampunkbar.se\/victorian\/foretagsevent-goteborg\/","og_locale":"sv_SE","og_type":"article","og_title":"F\u00f6retagsevent i G\u00f6teborg | Victorian Steampunk Lab","og_description":"Boka G\u00f6teborgs b\u00e4sta AW och f\u00f6retagsevent! Vinprovning, ginprovning, coctailprovning eller varf\u00f6r inte blanda egna drinkar? Boka bord h\u00e4r!","og_url":"https:\/\/steampunkbar.se\/victorian\/foretagsevent-goteborg\/","og_site_name":"Victorian Steampunk Lab","article_modified_time":"2026-04-10T07:24:01+00:00","og_image":[{"width":1254,"height":271,"url":"https:\/\/steampunkbar.se\/victorian\/wp-content\/uploads\/sites\/2\/2020\/12\/\u00f6l-vicotrian-lab.jpg","type":"image\/jpeg"}],"twitter_card":"summary_large_image","twitter_misc":{"Ber\u00e4knad l\u00e4stid":"2 minuter"},"schema":{"@context":"https:\/\/schema.org","@graph":[{"@type":"WebPage","@id":"https:\/\/steampunkbar.se\/victorian\/foretagsevent-goteborg\/","url":"https:\/\/steampunkbar.se\/victorian\/foretagsevent-goteborg\/","name":"F\u00f6retagsevent i G\u00f6teborg | Victorian Steampunk Lab","isPartOf":{"@id":"https:\/\/steampunkbar.se\/victorian\/#website"},"datePublished":"2022-06-09T15:02:16+00:00","dateModified":"2026-04-10T07:24:01+00:00","description":"Boka G\u00f6teborgs b\u00e4sta AW och f\u00f6retagsevent! Vinprovning, ginprovning, coctailprovning eller varf\u00f6r inte blanda egna drinkar? Boka bord h\u00e4r!","breadcrumb":{"@id":"https:\/\/steampunkbar.se\/victorian\/foretagsevent-goteborg\/#breadcrumb"},"inLanguage":"sv-SE","potentialAction":[{"@type":"ReadAction","target":["https:\/\/steampunkbar.se\/victorian\/foretagsevent-goteborg\/"]}]},{"@type":"BreadcrumbList","@id":"https:\/\/steampunkbar.se\/victorian\/foretagsevent-goteborg\/#breadcrumb","itemListElement":[{"@type":"ListItem","position":1,"name":"Hem","item":"https:\/\/steampunkbar.se\/victorian\/"},{"@type":"ListItem","position":2,"name":"F\u00f6retagsevent i G\u00f6teborg"}]},{"@type":"WebSite","@id":"https:\/\/steampunkbar.se\/victorian\/#website","url":"https:\/\/steampunkbar.se\/victorian\/","name":"Victorian Steampunk Lab","description":"Resturang victorian steampunk lab","potentialAction":[{"@type":"SearchAction","target":{"@type":"EntryPoint","urlTemplate":"https:\/\/steampunkbar.se\/victorian\/?s={search_term_string}"},"query-input":"required name=search_term_string"}],"inLanguage":"sv-SE"}]}},"_links":{"self":[{"href":"https:\/\/steampunkbar.se\/victorian\/wp-json\/wp\/v2\/pages\/5545"}],"collection":[{"href":"https:\/\/steampunkbar.se\/victorian\/wp-json\/wp\/v2\/pages"}],"about":[{"href":"https:\/\/steampunkbar.se\/victorian\/wp-json\/wp\/v2\/types\/page"}],"author":[{"embeddable":true,"href":"https:\/\/steampunkbar.se\/victorian\/wp-json\/wp\/v2\/users\/2"}],"replies":[{"embeddable":true,"href":"https:\/\/steampunkbar.se\/victorian\/wp-json\/wp\/v2\/comments?post=5545"}],"version-history":[{"count":14,"href":"https:\/\/steampunkbar.se\/victorian\/wp-json\/wp\/v2\/pages\/5545\/revisions"}],"predecessor-version":[{"id":7326,"href":"https:\/\/steampunkbar.se\/victorian\/wp-json\/wp\/v2\/pages\/5545\/revisions\/7326"}],"wp:featuredmedia":[{"embeddable":true,"href":"https:\/\/steampunkbar.se\/victorian\/wp-json\/wp\/v2\/media\/4754"}],"wp:attachment":[{"href":"https:\/\/steampunkbar.se\/victorian\/wp-json\/wp\/v2\/media?parent=5545"}],"curies":[{"name":"wp","href":"https:\/\/api.w.org\/{rel}","templated":true}]}}