{"id":5885,"date":"2023-01-25T08:31:47","date_gmt":"2023-01-25T07:31:47","guid":{"rendered":"https:\/\/steampunkbar.se\/victorian\/?page_id=5885"},"modified":"2025-11-25T15:47:06","modified_gmt":"2025-11-25T14:47:06","slug":"olprovning-goteborg","status":"publish","type":"page","link":"https:\/\/steampunkbar.se\/victorian\/dryckesprovning\/olprovning-goteborg\/","title":{"rendered":"\u00d6lprovning i G\u00f6teborg"},"content":{"rendered":"\r\n<p style=\"font-size: 25px;\">\u00a0<\/p>\r\n\r\n\r\n\r\n<p>&nbsp;<\/p>\r\n\r\n\r\n\r\n<p>&nbsp;<\/p>\r\n\r\n\r\n\r\n<h2 class=\"wp-block-heading\">\u00d6lprovning G\u00f6teborg \u2013 l\u00e4r dig \u00f6lkunskap &amp; njut av god \u00f6l<\/h2>\r\n\r\n\r\n\r\n<p style=\"font-size: 23px;\">Letar du efter en rolig aktivitet f\u00f6r din afterwork i G\u00f6teborg? Eller vill du l\u00e4ra dig mer om historien bakom alla olika \u00f6lsorter och hur du kan para ihop \u00f6l och mat? V\u00e5r \u00f6lprovning erbjuder ett tillf\u00e4lle f\u00f6r dig och dina v\u00e4nner att njuta av fantastiska \u00f6ler utvalda av v\u00e5r \u00f6lm\u00e4stare samtidigt som ni l\u00e4r er en hel del om vad det \u00e4r ni dricker. Att ge bort en \u00f6lprovning i present \u00e4r ett utm\u00e4rkt val till \u00f6l\u00e4lskaren i ditt liv.<\/p>\r\n\r\n\r\n\r\n<p>Vi erbjuder dig en grundkurs i \u00f6l d\u00e4r vi tillsammans provar \u00e5tta olika \u00f6lsorter samtidigt som v\u00e5r \u00f6lm\u00e4stare ber\u00e4ttar vad som k\u00e4nnetecknar de olika \u00f6lerna och vilka smaker du kan f\u00f6rv\u00e4nta dig. De \u00f6lsorter som ing\u00e5r i provningen \u00e4r: Lager, IPA, Pale Ale, Vete\u00f6l, Sur\u00f6l, Stout\/Porter, Ale samt belgisk \u00f6l. F\u00f6lj med p\u00e5 en intressant resa genom \u00f6lets alla epoker!<\/p>\r\n\r\n\r\n\r\n<div class=\"wp-block-media-text alignwide is-stacked-on-mobile is-image-fill\">\r\n<figure class=\"wp-block-media-text__media\" style=\"background-image: url('https:\/\/steampunkbar.se\/victorian\/wp-content\/uploads\/sites\/2\/2023\/01\/Olprovning-steampunkbar.jpg'); background-position: 51% 57%;\"><img decoding=\"async\" loading=\"lazy\" width=\"640\" height=\"480\" class=\"wp-image-5916 size-full\" src=\"https:\/\/steampunkbar.se\/victorian\/wp-content\/uploads\/sites\/2\/2023\/01\/Olprovning-steampunkbar.jpg\" alt=\"Uppt\u00e4ck fantastisk \u00f6l p\u00e5 Victorian Steampunk Labs \u00f6lprovning i G\u00f6teborg!\" srcset=\"https:\/\/steampunkbar.se\/victorian\/wp-content\/uploads\/sites\/2\/2023\/01\/Olprovning-steampunkbar.jpg 640w, https:\/\/steampunkbar.se\/victorian\/wp-content\/uploads\/sites\/2\/2023\/01\/Olprovning-steampunkbar-300x225.jpg 300w\" sizes=\"(max-width: 640px) 100vw, 640px\" \/><\/figure>\r\n<div class=\"wp-block-media-text__content\">\r\n<h2 class=\"wp-block-heading\">\u00d6lprovning \u2013 en smakupplevelse som l\u00e4r dig om olika \u00f6lsorter<\/h2>\r\n\r\n\r\n\r\n<p style=\"font-size: 19px;\">V\u00e5r \u00f6lprovning \u00e4r inte bara en njutning f\u00f6r dina smakl\u00f6kar, utan \u00e4ven ett unikt tillf\u00e4lle att l\u00e4ra sig lite om olika \u00f6lers historia och vad som utm\u00e4rker dem.<\/p>\r\n\r\n\r\n\r\n<p>Alla \u00f6lstilar har sina egna unika historier om hur de bidragit till att \u00f6len har kommit att bli en av v\u00e4rldens mest popul\u00e4ra drycker, och alla \u00f6lstilar har sina egna smakprofiler som g\u00e5r att para ihop med r\u00e4tt mat f\u00f6r att f\u00f6rh\u00f6ja smaken hos de b\u00e5da komponenterna.<\/p>\r\n<p>V\u00e5ra \u00f6lm\u00e4stare \u00e4r experter p\u00e5 \u00f6lets historia, samt hur du p\u00e5 b\u00e4sta s\u00e4tt matchar mat till \u00f6l f\u00f6r den optimala smakuppplevelsen. L\u00e4r dig detta och mycket mer p\u00e5 v\u00e5r \u00f6lprovning i Victorian Steampunk Lab!<\/p>\r\n\r\n\r\n\r\n<p>Boka \u00f6lprovning i G\u00f6teborg genom att fylla i formul\u00e4ret h\u00e4r nedan, skicka e-post till <a href=\"mailto:victorian@atsteampunkbar.se\">victorian@atsteampunkbar.se<\/a> eller ring <a href=\"tel:+4631-7742055\">031-774 20 55<\/a><\/p>\r\n<\/div>\r\n<\/div>\r\n\r\n\r\n<hr class=\"wp-block-separator aligncenter has-alpha-channel-opacity is-style-default\" \/>\r\n\r\n\r\n<h3 class=\"wp-block-heading\">Det h\u00e4r kommer du att kunna efter v\u00e5r grundkurs i \u00f6l<\/h3>\r\n\r\n\r\n\r\n<ul>\r\n<li>Hitta r\u00e4tt \u00f6lsort till matr\u00e4tten<\/li>\r\n\r\n\r\n\r\n<li>\u00d6lets utveckling genom tiderna \u2013 l\u00e4r dig mer om en av de mest popul\u00e4ra dryckerna i v\u00e4rlden<\/li>\r\n\r\n\r\n\r\n<li>Matnyttiga kunskaper du kan anv\u00e4nda f\u00f6r att imponera p\u00e5 v\u00e4nnerna<\/li>\r\n\r\n\r\n\r\n<li><span style=\"font-weight: 400;\">\u00d6l du alltid b\u00f6r ha hemma<\/span><\/li>\r\n<\/ul>\r\n\r\n\r\n\r\n<h2 class=\"wp-block-heading\">Information om \u00f6lprovning hos Victorian Steampunk Lab<\/h2>\r\n\r\n\r\n\r\n<p>\u00c5lder: 18 \u00e5r<\/p>\r\n\r\n\r\n\r\n<p>Antal: Fr\u00e5n 4 personer<\/p>\r\n\r\n\r\n\r\n<p>Pris: 595:- per person vid under 8 personer<\/p>\r\n<p>Pris: 495:- per person vid \u00f6ver 9 personer<\/p>\r\n\r\n\r\n\r\n<p>Tid: Ca 2 Timmar.<\/p>\r\n<p>Avbokning och \u00e4ndringar senast 24 timmar innan provning.<\/p>\r\n\r\n\r\n\r\n<h3 class=\"wp-block-heading\">Boka \u00f6lprovning i G\u00f6teborg<\/h3>\r\n\r\n\r\n\r\n\n<div class=\"wpcf7 no-js\" id=\"wpcf7-f5887-o1\" lang=\"sv-SE\" dir=\"ltr\">\n<div class=\"screen-reader-response\"><p role=\"status\" aria-live=\"polite\" aria-atomic=\"true\"><\/p> <ul><\/ul><\/div>\n<form action=\"\/victorian\/wp-json\/wp\/v2\/pages\/5885#wpcf7-f5887-o1\" method=\"post\" class=\"wpcf7-form init\" aria-label=\"Kontaktformul\u00e4r\" novalidate=\"novalidate\" data-status=\"init\">\n<div style=\"display: none;\">\n<input type=\"hidden\" name=\"_wpcf7\" value=\"5887\" \/>\n<input type=\"hidden\" name=\"_wpcf7_version\" value=\"5.9.5\" \/>\n<input type=\"hidden\" name=\"_wpcf7_locale\" value=\"sv_SE\" \/>\n<input type=\"hidden\" name=\"_wpcf7_unit_tag\" value=\"wpcf7-f5887-o1\" \/>\n<input type=\"hidden\" name=\"_wpcf7_container_post\" value=\"0\" \/>\n<input type=\"hidden\" name=\"_wpcf7_posted_data_hash\" value=\"\" \/>\n<\/div>\n<div class=\"row weird-input-fields\">\n\t<div class=\"col-md-6 col-12 mt-3\">\n\t\t<p><label>Namn*<\/label><br \/>\n<span class=\"wpcf7-form-control-wrap\" data-name=\"your-name\"><input size=\"40\" class=\"wpcf7-form-control wpcf7-text wpcf7-validates-as-required\" aria-required=\"true\" aria-invalid=\"false\" placeholder=\"Ditt namn*\" value=\"\" type=\"text\" name=\"your-name\" \/><\/span>\n\t\t<\/p>\n\t<\/div>\n\t<div class=\"col-md-6 col-12 mt-3\">\n\t\t<p><label>E-post*<\/label><br \/>\n<span class=\"wpcf7-form-control-wrap\" data-name=\"your-email\"><input size=\"40\" class=\"wpcf7-form-control wpcf7-email wpcf7-validates-as-required wpcf7-text wpcf7-validates-as-email\" aria-required=\"true\" aria-invalid=\"false\" placeholder=\"Din e-postadress*\" value=\"\" type=\"email\" name=\"your-email\" \/><\/span>\n\t\t<\/p>\n\t<\/div>\n\t<div class=\"col-md-6 col-12 mt-3\">\n\t\t<p><label>Telefon<\/label><br \/>\n<span class=\"wpcf7-form-control-wrap\" data-name=\"yourtel\"><input size=\"40\" class=\"wpcf7-form-control wpcf7-tel wpcf7-text wpcf7-validates-as-tel\" aria-invalid=\"false\" placeholder=\"Ditt telefonnummer\" value=\"\" type=\"tel\" name=\"yourtel\" \/><\/span>\n\t\t<\/p>\n\t<\/div>\n\t<div class=\"col-md-6 col-12 mt-3\">\n\t\t<p><label>Datum*<\/label><br \/>\n<span class=\"wpcf7-form-control-wrap\" data-name=\"date-arrive\"><input size=\"40\" class=\"wpcf7-form-control wpcf7-text wpcf7-validates-as-required\" aria-required=\"true\" aria-invalid=\"false\" placeholder=\"15 januari 2020*\" value=\"\" type=\"text\" name=\"date-arrive\" \/><\/span>\n\t\t<\/p>\n\t<\/div>\n\t<div class=\"col-md-6 col-12 mt-3\">\n\t\t<p><label>Tid*<\/label><br \/>\n<span class=\"wpcf7-form-control-wrap\" data-name=\"time-arrive\"><input size=\"40\" class=\"wpcf7-form-control wpcf7-text wpcf7-validates-as-required\" aria-required=\"true\" aria-invalid=\"false\" placeholder=\"18:30*\" value=\"\" type=\"text\" name=\"time-arrive\" \/><\/span>\n\t\t<\/p>\n\t<\/div>\n\t<div class=\"col-md-6 col-12 mt-3\">\n\t\t<p><label>Antal personer*<\/label><br \/>\n<span class=\"wpcf7-form-control-wrap\" data-name=\"antal-besokare\"><input class=\"wpcf7-form-control wpcf7-number wpcf7-validates-as-required wpcf7-validates-as-number\" aria-required=\"true\" aria-invalid=\"false\" placeholder=\"4\" value=\"\" type=\"number\" name=\"antal-besokare\" \/><\/span>\n\t\t<\/p>\n\t<\/div>\n<\/div>\n<p><label class=\"mt-3\">\u00d6vriga upplysningar till restaurangen<\/label><br \/>\n<span class=\"wpcf7-form-control-wrap\" data-name=\"your-message\"><textarea cols=\"40\" rows=\"10\" class=\"wpcf7-form-control wpcf7-textarea\" aria-invalid=\"false\" placeholder=\"Skriv h\u00e4r...\" name=\"your-message\"><\/textarea><\/span>\n<\/p>\n<p><input class=\"wpcf7-form-control wpcf7-submit has-spinner btn-success\" type=\"submit\" value=\"Skicka\" \/>\n<\/p><div class=\"wpcf7-response-output\" aria-hidden=\"true\"><\/div>\n<\/form>\n<\/div>\n\r\n","protected":false},"excerpt":{"rendered":"<p>\u00a0 &nbsp; &nbsp; \u00d6lprovning G\u00f6teborg \u2013 l\u00e4r dig \u00f6lkunskap &amp; njut av god \u00f6l Letar du efter en rolig aktivitet f\u00f6r din afterwork i G\u00f6teborg? Eller vill du l\u00e4ra dig mer om historien bakom alla olika \u00f6lsorter och hur du kan para ihop \u00f6l och mat? V\u00e5r \u00f6lprovning erbjuder ett tillf\u00e4lle f\u00f6r dig och dina <a href=\"https:\/\/steampunkbar.se\/victorian\/dryckesprovning\/olprovning-goteborg\/\" class=\"more-link\">&#8230;<\/a><\/p>\n","protected":false},"author":2,"featured_media":4756,"parent":5976,"menu_order":0,"comment_status":"closed","ping_status":"closed","template":"","meta":{"footnotes":""},"acf":[],"yoast_head":"<!-- This site is optimized with the Yoast SEO plugin v19.13 - https:\/\/yoast.com\/wordpress\/plugins\/seo\/ -->\n<title>\u00d6lprovning G\u00f6teborg | M\u00e5nga \u00f6lsorter<\/title>\n<meta name=\"description\" content=\"Afterwork i G\u00f6teborg f\u00f6r b\u00e5de stora och sm\u00e5 s\u00e4llskap. L\u00e4r dig om mat till \u00f6l och historien bakom alla olika \u00f6lsorter i v\u00e5r steampunk bar i G\u00f6teborg. Boka h\u00e4r!\" \/>\n<meta name=\"robots\" content=\"index, follow, max-snippet:-1, max-image-preview:large, max-video-preview:-1\" \/>\n<link rel=\"canonical\" href=\"https:\/\/steampunkbar.se\/victorian\/dryckesprovning\/olprovning-goteborg\/\" \/>\n<meta property=\"og:locale\" content=\"sv_SE\" \/>\n<meta property=\"og:type\" content=\"article\" \/>\n<meta property=\"og:title\" content=\"\u00d6lprovning G\u00f6teborg | M\u00e5nga \u00f6lsorter\" \/>\n<meta property=\"og:description\" content=\"Afterwork i G\u00f6teborg f\u00f6r b\u00e5de stora och sm\u00e5 s\u00e4llskap. L\u00e4r dig om mat till \u00f6l och historien bakom alla olika \u00f6lsorter i v\u00e5r steampunk bar i G\u00f6teborg. Boka h\u00e4r!\" \/>\n<meta property=\"og:url\" content=\"https:\/\/steampunkbar.se\/victorian\/dryckesprovning\/olprovning-goteborg\/\" \/>\n<meta property=\"og:site_name\" content=\"Victorian Steampunk Lab\" \/>\n<meta property=\"article:modified_time\" content=\"2025-11-25T14:47:06+00:00\" \/>\n<meta property=\"og:image\" content=\"https:\/\/steampunkbar.se\/victorian\/wp-content\/uploads\/sites\/2\/2020\/12\/\u00f6l-victorian.jpg\" \/>\n\t<meta property=\"og:image:width\" content=\"1254\" \/>\n\t<meta property=\"og:image:height\" content=\"371\" \/>\n\t<meta property=\"og:image:type\" content=\"image\/jpeg\" \/>\n<meta name=\"twitter:card\" content=\"summary_large_image\" \/>\n<meta name=\"twitter:label1\" content=\"Ber\u00e4knad l\u00e4stid\" \/>\n\t<meta name=\"twitter:data1\" content=\"2 minuter\" \/>\n<script type=\"application\/ld+json\" class=\"yoast-schema-graph\">{\"@context\":\"https:\/\/schema.org\",\"@graph\":[{\"@type\":\"WebPage\",\"@id\":\"https:\/\/steampunkbar.se\/victorian\/dryckesprovning\/olprovning-goteborg\/\",\"url\":\"https:\/\/steampunkbar.se\/victorian\/dryckesprovning\/olprovning-goteborg\/\",\"name\":\"\u00d6lprovning G\u00f6teborg | M\u00e5nga \u00f6lsorter\",\"isPartOf\":{\"@id\":\"https:\/\/steampunkbar.se\/victorian\/#website\"},\"datePublished\":\"2023-01-25T07:31:47+00:00\",\"dateModified\":\"2025-11-25T14:47:06+00:00\",\"description\":\"Afterwork i G\u00f6teborg f\u00f6r b\u00e5de stora och sm\u00e5 s\u00e4llskap. L\u00e4r dig om mat till \u00f6l och historien bakom alla olika \u00f6lsorter i v\u00e5r steampunk bar i G\u00f6teborg. Boka h\u00e4r!\",\"breadcrumb\":{\"@id\":\"https:\/\/steampunkbar.se\/victorian\/dryckesprovning\/olprovning-goteborg\/#breadcrumb\"},\"inLanguage\":\"sv-SE\",\"potentialAction\":[{\"@type\":\"ReadAction\",\"target\":[\"https:\/\/steampunkbar.se\/victorian\/dryckesprovning\/olprovning-goteborg\/\"]}]},{\"@type\":\"BreadcrumbList\",\"@id\":\"https:\/\/steampunkbar.se\/victorian\/dryckesprovning\/olprovning-goteborg\/#breadcrumb\",\"itemListElement\":[{\"@type\":\"ListItem\",\"position\":1,\"name\":\"Hem\",\"item\":\"https:\/\/steampunkbar.se\/victorian\/\"},{\"@type\":\"ListItem\",\"position\":2,\"name\":\"Dryckesprovning i G\u00f6teborg\",\"item\":\"https:\/\/steampunkbar.se\/victorian\/dryckesprovning\/\"},{\"@type\":\"ListItem\",\"position\":3,\"name\":\"\u00d6lprovning i G\u00f6teborg\"}]},{\"@type\":\"WebSite\",\"@id\":\"https:\/\/steampunkbar.se\/victorian\/#website\",\"url\":\"https:\/\/steampunkbar.se\/victorian\/\",\"name\":\"Victorian Steampunk Lab\",\"description\":\"Resturang victorian steampunk lab\",\"potentialAction\":[{\"@type\":\"SearchAction\",\"target\":{\"@type\":\"EntryPoint\",\"urlTemplate\":\"https:\/\/steampunkbar.se\/victorian\/?s={search_term_string}\"},\"query-input\":\"required name=search_term_string\"}],\"inLanguage\":\"sv-SE\"}]}<\/script>\n<!-- \/ Yoast SEO plugin. -->","yoast_head_json":{"title":"\u00d6lprovning G\u00f6teborg | M\u00e5nga \u00f6lsorter","description":"Afterwork i G\u00f6teborg f\u00f6r b\u00e5de stora och sm\u00e5 s\u00e4llskap. L\u00e4r dig om mat till \u00f6l och historien bakom alla olika \u00f6lsorter i v\u00e5r steampunk bar i G\u00f6teborg. Boka h\u00e4r!","robots":{"index":"index","follow":"follow","max-snippet":"max-snippet:-1","max-image-preview":"max-image-preview:large","max-video-preview":"max-video-preview:-1"},"canonical":"https:\/\/steampunkbar.se\/victorian\/dryckesprovning\/olprovning-goteborg\/","og_locale":"sv_SE","og_type":"article","og_title":"\u00d6lprovning G\u00f6teborg | M\u00e5nga \u00f6lsorter","og_description":"Afterwork i G\u00f6teborg f\u00f6r b\u00e5de stora och sm\u00e5 s\u00e4llskap. L\u00e4r dig om mat till \u00f6l och historien bakom alla olika \u00f6lsorter i v\u00e5r steampunk bar i G\u00f6teborg. Boka h\u00e4r!","og_url":"https:\/\/steampunkbar.se\/victorian\/dryckesprovning\/olprovning-goteborg\/","og_site_name":"Victorian Steampunk Lab","article_modified_time":"2025-11-25T14:47:06+00:00","og_image":[{"width":1254,"height":371,"url":"https:\/\/steampunkbar.se\/victorian\/wp-content\/uploads\/sites\/2\/2020\/12\/\u00f6l-victorian.jpg","type":"image\/jpeg"}],"twitter_card":"summary_large_image","twitter_misc":{"Ber\u00e4knad l\u00e4stid":"2 minuter"},"schema":{"@context":"https:\/\/schema.org","@graph":[{"@type":"WebPage","@id":"https:\/\/steampunkbar.se\/victorian\/dryckesprovning\/olprovning-goteborg\/","url":"https:\/\/steampunkbar.se\/victorian\/dryckesprovning\/olprovning-goteborg\/","name":"\u00d6lprovning G\u00f6teborg | M\u00e5nga \u00f6lsorter","isPartOf":{"@id":"https:\/\/steampunkbar.se\/victorian\/#website"},"datePublished":"2023-01-25T07:31:47+00:00","dateModified":"2025-11-25T14:47:06+00:00","description":"Afterwork i G\u00f6teborg f\u00f6r b\u00e5de stora och sm\u00e5 s\u00e4llskap. L\u00e4r dig om mat till \u00f6l och historien bakom alla olika \u00f6lsorter i v\u00e5r steampunk bar i G\u00f6teborg. Boka h\u00e4r!","breadcrumb":{"@id":"https:\/\/steampunkbar.se\/victorian\/dryckesprovning\/olprovning-goteborg\/#breadcrumb"},"inLanguage":"sv-SE","potentialAction":[{"@type":"ReadAction","target":["https:\/\/steampunkbar.se\/victorian\/dryckesprovning\/olprovning-goteborg\/"]}]},{"@type":"BreadcrumbList","@id":"https:\/\/steampunkbar.se\/victorian\/dryckesprovning\/olprovning-goteborg\/#breadcrumb","itemListElement":[{"@type":"ListItem","position":1,"name":"Hem","item":"https:\/\/steampunkbar.se\/victorian\/"},{"@type":"ListItem","position":2,"name":"Dryckesprovning i G\u00f6teborg","item":"https:\/\/steampunkbar.se\/victorian\/dryckesprovning\/"},{"@type":"ListItem","position":3,"name":"\u00d6lprovning i G\u00f6teborg"}]},{"@type":"WebSite","@id":"https:\/\/steampunkbar.se\/victorian\/#website","url":"https:\/\/steampunkbar.se\/victorian\/","name":"Victorian Steampunk Lab","description":"Resturang victorian steampunk lab","potentialAction":[{"@type":"SearchAction","target":{"@type":"EntryPoint","urlTemplate":"https:\/\/steampunkbar.se\/victorian\/?s={search_term_string}"},"query-input":"required name=search_term_string"}],"inLanguage":"sv-SE"}]}},"_links":{"self":[{"href":"https:\/\/steampunkbar.se\/victorian\/wp-json\/wp\/v2\/pages\/5885"}],"collection":[{"href":"https:\/\/steampunkbar.se\/victorian\/wp-json\/wp\/v2\/pages"}],"about":[{"href":"https:\/\/steampunkbar.se\/victorian\/wp-json\/wp\/v2\/types\/page"}],"author":[{"embeddable":true,"href":"https:\/\/steampunkbar.se\/victorian\/wp-json\/wp\/v2\/users\/2"}],"replies":[{"embeddable":true,"href":"https:\/\/steampunkbar.se\/victorian\/wp-json\/wp\/v2\/comments?post=5885"}],"version-history":[{"count":17,"href":"https:\/\/steampunkbar.se\/victorian\/wp-json\/wp\/v2\/pages\/5885\/revisions"}],"predecessor-version":[{"id":7179,"href":"https:\/\/steampunkbar.se\/victorian\/wp-json\/wp\/v2\/pages\/5885\/revisions\/7179"}],"up":[{"embeddable":true,"href":"https:\/\/steampunkbar.se\/victorian\/wp-json\/wp\/v2\/pages\/5976"}],"wp:featuredmedia":[{"embeddable":true,"href":"https:\/\/steampunkbar.se\/victorian\/wp-json\/wp\/v2\/media\/4756"}],"wp:attachment":[{"href":"https:\/\/steampunkbar.se\/victorian\/wp-json\/wp\/v2\/media?parent=5885"}],"curies":[{"name":"wp","href":"https:\/\/api.w.org\/{rel}","templated":true}]}}