{"id":5895,"date":"2023-01-25T09:20:56","date_gmt":"2023-01-25T08:20:56","guid":{"rendered":"https:\/\/steampunkbar.se\/victorian\/?page_id=5895"},"modified":"2025-11-25T15:43:56","modified_gmt":"2025-11-25T14:43:56","slug":"ginprovning-goteborg","status":"publish","type":"page","link":"https:\/\/steampunkbar.se\/victorian\/dryckesprovning\/ginprovning-goteborg\/","title":{"rendered":"Ginprovning i G\u00f6teborg"},"content":{"rendered":"\r\n\r\n\r\n\r\n\r\n\r\n\r\n<h2 class=\"has-text-align-left wp-block-heading\">En ginprovning som tar dig p\u00e5 en of\u00f6rgl\u00f6mlig smakresa<\/h2>\r\n\r\n\r\n\r\n<p style=\"font-size: 23px;\">Letar du efter den perfekta aktiviteten till f\u00f6retagsevent, AW eller \u00e5tertr\u00e4ffen med gamla kompisg\u00e4nget? V\u00e5r GT-provning passar s\u00e5v\u00e4l nya som gamla gin-\u00e4lskare och tar dig p\u00e5 en otrolig smakupplevelse genom historien av gin och tonic h\u00e4r p\u00e5 Victorian Steampunk Lab i G\u00f6teborg.<\/p>\r\n\r\n\r\n\r\n<p>V\u00e5ra ginprovningar \u00e4r en ca tv\u00e5 timmars resa i ginets fantastiska v\u00e4rld d\u00e4r vi provar hela 8 sorters gin \u2013 allt fr\u00e5n London dry gin till pink gin. F\u00f6rutom att dricka god gin kommer du l\u00e4ra dig massa roliga och intressanta fakta som du kan briljera med vid n\u00e4sta middagsbjudning.<\/p>\r\n<p>F\u00e5 reda p\u00e5 vad som \u00e4r v\u00e5r b\u00e4sta gin till GT och l\u00e4r dig hur man g\u00f6r en GT som verkligen imponerar \u2013 med n\u00e5gra enkla justeringar kan en simpel Gin och Tonic bli s\u00e5 mycket mer.<\/p>\r\n\r\n\r\n\r\n<div class=\"wp-block-media-text alignwide is-stacked-on-mobile is-image-fill\">\r\n<figure class=\"wp-block-media-text__media\" style=\"background-image: url('https:\/\/steampunkbar.se\/victorian\/wp-content\/uploads\/sites\/2\/2023\/01\/GT-ginprovning-819x1024.jpg'); background-position: 50% 50%;\"><img decoding=\"async\" loading=\"lazy\" width=\"819\" height=\"1024\" class=\"wp-image-5918 size-full\" src=\"https:\/\/steampunkbar.se\/victorian\/wp-content\/uploads\/sites\/2\/2023\/01\/GT-ginprovning-819x1024.jpg\" alt=\"Testa olika sorter gin p\u00e5 ginprovning hos Victorian Steampunk Lab.\" srcset=\"https:\/\/steampunkbar.se\/victorian\/wp-content\/uploads\/sites\/2\/2023\/01\/GT-ginprovning-819x1024.jpg 819w, https:\/\/steampunkbar.se\/victorian\/wp-content\/uploads\/sites\/2\/2023\/01\/GT-ginprovning-240x300.jpg 240w, https:\/\/steampunkbar.se\/victorian\/wp-content\/uploads\/sites\/2\/2023\/01\/GT-ginprovning.jpg 1080w\" sizes=\"(max-width: 819px) 100vw, 819px\" \/><\/figure>\r\n<div class=\"wp-block-media-text__content\">\r\n<h2 class=\"wp-block-heading\">Boka gin-provning i G\u00f6teborg<\/h2>\r\n\r\n\r\n\r\n<p>Under ginprovningen kommer vi att prova flera olika ginsorter. Vi kommer att testa b\u00e5de gin fr\u00e5n Sverige och fr\u00e5n runtom i v\u00e4rlden. H\u00e4r ges du chansen att uppt\u00e4cka nya sorters gin och f\u00e5r veta vilka ginflaskor du bara m\u00e5ste ha hemma i f\u00f6rr\u00e5det.<\/p>\r\n<p>P\u00e5 en ginprovning i v\u00e5r gin-bar i G\u00f6teborg f\u00e5r du l\u00e4ra dig allt fr\u00e5n hur du g\u00f6r en perfekt GT till vad som \u00e4r ett perfekt tilltugg till gin och tonic. Tillsammans ser vi till att du och ditt s\u00e4llskap f\u00e5r en fantastisk upplevelse som skapar minnen f\u00f6r livet.<\/p>\r\n\r\n\r\n\r\n<p>Boka ginprovning i G\u00f6teborg genom att fylla i formul\u00e4ret h\u00e4r nedan, skicka e-post till <a href=\"mailto:victorian@atsteampunkbar.se\">victorian@atsteampunkbar.se<\/a> eller ring <a href=\"tel:+4631-7742055\">031-774 20 55<\/a><\/p>\r\n<\/div>\r\n<\/div>\r\n\r\n\r\n<hr class=\"wp-block-separator aligncenter has-alpha-channel-opacity is-style-default\" \/>\r\n\r\n\r\n<p>\u00c5lder: 18 \u00e5r<\/p>\r\n\r\n\r\n\r\n<p>Antal: Fr\u00e5n 4 personer<\/p>\r\n\r\n\r\n\r\n<p>Pris: 695:- per person vid 4-8 personer<\/p>\r\n<p>Pris: 595:- per person vid 9-30 personer\u00a0<\/p>\r\n<p>Pris: 550:- per person vid 31+ personer\u00a0<\/p>\r\n<p>\u00c4r ni f\u00e4rre \u00e4n 4 personer kontakta oss \u00e4nd\u00e5 ibland finns det m\u00f6jlighet att s\u00e5 ihop grupper.<\/p>\r\n\r\n\r\n\r\n<p>Tid: Ca 2 Timmar.<\/p>\r\n<p>Avbokning och \u00e4ndringar senast 24 timmar innan provning.<\/p>\r\n\r\n\r\n\r\n<h3 class=\"wp-block-heading\">Boka ginprovning h\u00e4r<\/h3>\r\n\r\n\r\n\r\n\n<div class=\"wpcf7 no-js\" id=\"wpcf7-f5898-o1\" lang=\"sv-SE\" dir=\"ltr\">\n<div class=\"screen-reader-response\"><p role=\"status\" aria-live=\"polite\" aria-atomic=\"true\"><\/p> <ul><\/ul><\/div>\n<form action=\"\/victorian\/wp-json\/wp\/v2\/pages\/5895#wpcf7-f5898-o1\" method=\"post\" class=\"wpcf7-form init\" aria-label=\"Kontaktformul\u00e4r\" novalidate=\"novalidate\" data-status=\"init\">\n<div style=\"display: none;\">\n<input type=\"hidden\" name=\"_wpcf7\" value=\"5898\" \/>\n<input type=\"hidden\" name=\"_wpcf7_version\" value=\"5.9.5\" \/>\n<input type=\"hidden\" name=\"_wpcf7_locale\" value=\"sv_SE\" \/>\n<input type=\"hidden\" name=\"_wpcf7_unit_tag\" value=\"wpcf7-f5898-o1\" \/>\n<input type=\"hidden\" name=\"_wpcf7_container_post\" value=\"0\" \/>\n<input type=\"hidden\" name=\"_wpcf7_posted_data_hash\" value=\"\" \/>\n<\/div>\n<div class=\"row weird-input-fields\">\n\t<div class=\"col-md-6 col-12 mt-3\">\n\t\t<p><label>Namn*<\/label><br \/>\n<span class=\"wpcf7-form-control-wrap\" data-name=\"your-name\"><input size=\"40\" class=\"wpcf7-form-control wpcf7-text wpcf7-validates-as-required\" aria-required=\"true\" aria-invalid=\"false\" placeholder=\"Ditt namn*\" value=\"\" type=\"text\" name=\"your-name\" \/><\/span>\n\t\t<\/p>\n\t<\/div>\n\t<div class=\"col-md-6 col-12 mt-3\">\n\t\t<p><label>E-post*<\/label><br \/>\n<span class=\"wpcf7-form-control-wrap\" data-name=\"your-email\"><input size=\"40\" class=\"wpcf7-form-control wpcf7-email wpcf7-validates-as-required wpcf7-text wpcf7-validates-as-email\" aria-required=\"true\" aria-invalid=\"false\" placeholder=\"Din e-postadress*\" value=\"\" type=\"email\" name=\"your-email\" \/><\/span>\n\t\t<\/p>\n\t<\/div>\n\t<div class=\"col-md-6 col-12 mt-3\">\n\t\t<p><label>Telefon<\/label><br \/>\n<span class=\"wpcf7-form-control-wrap\" data-name=\"yourtel\"><input size=\"40\" class=\"wpcf7-form-control wpcf7-tel wpcf7-text wpcf7-validates-as-tel\" aria-invalid=\"false\" placeholder=\"Ditt telefonnummer\" value=\"\" type=\"tel\" name=\"yourtel\" \/><\/span>\n\t\t<\/p>\n\t<\/div>\n\t<div class=\"col-md-6 col-12 mt-3\">\n\t\t<p><label>Datum*<\/label><br \/>\n<span class=\"wpcf7-form-control-wrap\" data-name=\"date-arrive\"><input size=\"40\" class=\"wpcf7-form-control wpcf7-text wpcf7-validates-as-required\" aria-required=\"true\" aria-invalid=\"false\" placeholder=\"15 januari 2020*\" value=\"\" type=\"text\" name=\"date-arrive\" \/><\/span>\n\t\t<\/p>\n\t<\/div>\n\t<div class=\"col-md-6 col-12 mt-3\">\n\t\t<p><label>Tid*<\/label><br \/>\n<span class=\"wpcf7-form-control-wrap\" data-name=\"time-arrive\"><input size=\"40\" class=\"wpcf7-form-control wpcf7-text wpcf7-validates-as-required\" aria-required=\"true\" aria-invalid=\"false\" placeholder=\"18:30*\" value=\"\" type=\"text\" name=\"time-arrive\" \/><\/span>\n\t\t<\/p>\n\t<\/div>\n\t<div class=\"col-md-6 col-12 mt-3\">\n\t\t<p><label>Antal personer*<\/label><br \/>\n<span class=\"wpcf7-form-control-wrap\" data-name=\"antal-besokare\"><input class=\"wpcf7-form-control wpcf7-number wpcf7-validates-as-required wpcf7-validates-as-number\" aria-required=\"true\" aria-invalid=\"false\" placeholder=\"4\" value=\"\" type=\"number\" name=\"antal-besokare\" \/><\/span>\n\t\t<\/p>\n\t<\/div>\n<\/div>\n<p><label class=\"mt-3\">\u00d6vriga upplysningar till restaurangen<\/label><br \/>\n<span class=\"wpcf7-form-control-wrap\" data-name=\"your-message\"><textarea cols=\"40\" rows=\"10\" class=\"wpcf7-form-control wpcf7-textarea\" aria-invalid=\"false\" placeholder=\"Skriv h\u00e4r...\" name=\"your-message\"><\/textarea><\/span>\n<\/p>\n<p><input class=\"wpcf7-form-control wpcf7-submit has-spinner btn-success\" type=\"submit\" value=\"Skicka\" \/>\n<\/p><div class=\"wpcf7-response-output\" aria-hidden=\"true\"><\/div>\n<\/form>\n<\/div>\n\r\n","protected":false},"excerpt":{"rendered":"<p>En ginprovning som tar dig p\u00e5 en of\u00f6rgl\u00f6mlig smakresa Letar du efter den perfekta aktiviteten till f\u00f6retagsevent, AW eller \u00e5tertr\u00e4ffen med gamla kompisg\u00e4nget? V\u00e5r GT-provning passar s\u00e5v\u00e4l nya som gamla gin-\u00e4lskare och tar dig p\u00e5 en otrolig smakupplevelse genom historien av gin och tonic h\u00e4r p\u00e5 Victorian Steampunk Lab i G\u00f6teborg. V\u00e5ra ginprovningar \u00e4r en <a href=\"https:\/\/steampunkbar.se\/victorian\/dryckesprovning\/ginprovning-goteborg\/\" class=\"more-link\">&#8230;<\/a><\/p>\n","protected":false},"author":2,"featured_media":4742,"parent":5976,"menu_order":0,"comment_status":"closed","ping_status":"closed","template":"","meta":{"footnotes":""},"acf":[],"yoast_head":"<!-- This site is optimized with the Yoast SEO plugin v19.13 - https:\/\/yoast.com\/wordpress\/plugins\/seo\/ -->\n<title>Ginprovning G\u00f6teborg | Victorian Steampunk Lab<\/title>\n<meta name=\"description\" content=\"Prova olika gin-sorter i v\u00e5r GT-provning p\u00e5 Steampunk i G\u00f6teborg. L\u00e4r dig om den b\u00e4sta ginen till GT &amp; hur du blandar egna gin och tonic. Boka ginprovning h\u00e4r!\" \/>\n<meta name=\"robots\" content=\"index, follow, max-snippet:-1, max-image-preview:large, max-video-preview:-1\" \/>\n<link rel=\"canonical\" href=\"https:\/\/steampunkbar.se\/victorian\/dryckesprovning\/ginprovning-goteborg\/\" \/>\n<meta property=\"og:locale\" content=\"sv_SE\" \/>\n<meta property=\"og:type\" content=\"article\" \/>\n<meta property=\"og:title\" content=\"Ginprovning G\u00f6teborg | Victorian Steampunk Lab\" \/>\n<meta property=\"og:description\" content=\"Prova olika gin-sorter i v\u00e5r GT-provning p\u00e5 Steampunk i G\u00f6teborg. L\u00e4r dig om den b\u00e4sta ginen till GT &amp; hur du blandar egna gin och tonic. Boka ginprovning h\u00e4r!\" \/>\n<meta property=\"og:url\" content=\"https:\/\/steampunkbar.se\/victorian\/dryckesprovning\/ginprovning-goteborg\/\" \/>\n<meta property=\"og:site_name\" content=\"Victorian Steampunk Lab\" \/>\n<meta property=\"article:modified_time\" content=\"2025-11-25T14:43:56+00:00\" \/>\n<meta property=\"og:image\" content=\"https:\/\/steampunkbar.se\/victorian\/wp-content\/uploads\/sites\/2\/2020\/12\/steampunk-take-away.jpg\" \/>\n\t<meta property=\"og:image:width\" content=\"1254\" \/>\n\t<meta property=\"og:image:height\" content=\"365\" \/>\n\t<meta property=\"og:image:type\" content=\"image\/jpeg\" \/>\n<meta name=\"twitter:card\" content=\"summary_large_image\" \/>\n<meta name=\"twitter:label1\" content=\"Ber\u00e4knad l\u00e4stid\" \/>\n\t<meta name=\"twitter:data1\" content=\"2 minuter\" \/>\n<script type=\"application\/ld+json\" class=\"yoast-schema-graph\">{\"@context\":\"https:\/\/schema.org\",\"@graph\":[{\"@type\":\"WebPage\",\"@id\":\"https:\/\/steampunkbar.se\/victorian\/dryckesprovning\/ginprovning-goteborg\/\",\"url\":\"https:\/\/steampunkbar.se\/victorian\/dryckesprovning\/ginprovning-goteborg\/\",\"name\":\"Ginprovning G\u00f6teborg | Victorian Steampunk Lab\",\"isPartOf\":{\"@id\":\"https:\/\/steampunkbar.se\/victorian\/#website\"},\"datePublished\":\"2023-01-25T08:20:56+00:00\",\"dateModified\":\"2025-11-25T14:43:56+00:00\",\"description\":\"Prova olika gin-sorter i v\u00e5r GT-provning p\u00e5 Steampunk i G\u00f6teborg. L\u00e4r dig om den b\u00e4sta ginen till GT & hur du blandar egna gin och tonic. Boka ginprovning h\u00e4r!\",\"breadcrumb\":{\"@id\":\"https:\/\/steampunkbar.se\/victorian\/dryckesprovning\/ginprovning-goteborg\/#breadcrumb\"},\"inLanguage\":\"sv-SE\",\"potentialAction\":[{\"@type\":\"ReadAction\",\"target\":[\"https:\/\/steampunkbar.se\/victorian\/dryckesprovning\/ginprovning-goteborg\/\"]}]},{\"@type\":\"BreadcrumbList\",\"@id\":\"https:\/\/steampunkbar.se\/victorian\/dryckesprovning\/ginprovning-goteborg\/#breadcrumb\",\"itemListElement\":[{\"@type\":\"ListItem\",\"position\":1,\"name\":\"Hem\",\"item\":\"https:\/\/steampunkbar.se\/victorian\/\"},{\"@type\":\"ListItem\",\"position\":2,\"name\":\"Dryckesprovning i G\u00f6teborg\",\"item\":\"https:\/\/steampunkbar.se\/victorian\/dryckesprovning\/\"},{\"@type\":\"ListItem\",\"position\":3,\"name\":\"Ginprovning i G\u00f6teborg\"}]},{\"@type\":\"WebSite\",\"@id\":\"https:\/\/steampunkbar.se\/victorian\/#website\",\"url\":\"https:\/\/steampunkbar.se\/victorian\/\",\"name\":\"Victorian Steampunk Lab\",\"description\":\"Resturang victorian steampunk lab\",\"potentialAction\":[{\"@type\":\"SearchAction\",\"target\":{\"@type\":\"EntryPoint\",\"urlTemplate\":\"https:\/\/steampunkbar.se\/victorian\/?s={search_term_string}\"},\"query-input\":\"required name=search_term_string\"}],\"inLanguage\":\"sv-SE\"}]}<\/script>\n<!-- \/ Yoast SEO plugin. -->","yoast_head_json":{"title":"Ginprovning G\u00f6teborg | Victorian Steampunk Lab","description":"Prova olika gin-sorter i v\u00e5r GT-provning p\u00e5 Steampunk i G\u00f6teborg. L\u00e4r dig om den b\u00e4sta ginen till GT & hur du blandar egna gin och tonic. Boka ginprovning h\u00e4r!","robots":{"index":"index","follow":"follow","max-snippet":"max-snippet:-1","max-image-preview":"max-image-preview:large","max-video-preview":"max-video-preview:-1"},"canonical":"https:\/\/steampunkbar.se\/victorian\/dryckesprovning\/ginprovning-goteborg\/","og_locale":"sv_SE","og_type":"article","og_title":"Ginprovning G\u00f6teborg | Victorian Steampunk Lab","og_description":"Prova olika gin-sorter i v\u00e5r GT-provning p\u00e5 Steampunk i G\u00f6teborg. L\u00e4r dig om den b\u00e4sta ginen till GT & hur du blandar egna gin och tonic. Boka ginprovning h\u00e4r!","og_url":"https:\/\/steampunkbar.se\/victorian\/dryckesprovning\/ginprovning-goteborg\/","og_site_name":"Victorian Steampunk Lab","article_modified_time":"2025-11-25T14:43:56+00:00","og_image":[{"width":1254,"height":365,"url":"https:\/\/steampunkbar.se\/victorian\/wp-content\/uploads\/sites\/2\/2020\/12\/steampunk-take-away.jpg","type":"image\/jpeg"}],"twitter_card":"summary_large_image","twitter_misc":{"Ber\u00e4knad l\u00e4stid":"2 minuter"},"schema":{"@context":"https:\/\/schema.org","@graph":[{"@type":"WebPage","@id":"https:\/\/steampunkbar.se\/victorian\/dryckesprovning\/ginprovning-goteborg\/","url":"https:\/\/steampunkbar.se\/victorian\/dryckesprovning\/ginprovning-goteborg\/","name":"Ginprovning G\u00f6teborg | Victorian Steampunk Lab","isPartOf":{"@id":"https:\/\/steampunkbar.se\/victorian\/#website"},"datePublished":"2023-01-25T08:20:56+00:00","dateModified":"2025-11-25T14:43:56+00:00","description":"Prova olika gin-sorter i v\u00e5r GT-provning p\u00e5 Steampunk i G\u00f6teborg. L\u00e4r dig om den b\u00e4sta ginen till GT & hur du blandar egna gin och tonic. Boka ginprovning h\u00e4r!","breadcrumb":{"@id":"https:\/\/steampunkbar.se\/victorian\/dryckesprovning\/ginprovning-goteborg\/#breadcrumb"},"inLanguage":"sv-SE","potentialAction":[{"@type":"ReadAction","target":["https:\/\/steampunkbar.se\/victorian\/dryckesprovning\/ginprovning-goteborg\/"]}]},{"@type":"BreadcrumbList","@id":"https:\/\/steampunkbar.se\/victorian\/dryckesprovning\/ginprovning-goteborg\/#breadcrumb","itemListElement":[{"@type":"ListItem","position":1,"name":"Hem","item":"https:\/\/steampunkbar.se\/victorian\/"},{"@type":"ListItem","position":2,"name":"Dryckesprovning i G\u00f6teborg","item":"https:\/\/steampunkbar.se\/victorian\/dryckesprovning\/"},{"@type":"ListItem","position":3,"name":"Ginprovning i G\u00f6teborg"}]},{"@type":"WebSite","@id":"https:\/\/steampunkbar.se\/victorian\/#website","url":"https:\/\/steampunkbar.se\/victorian\/","name":"Victorian Steampunk Lab","description":"Resturang victorian steampunk lab","potentialAction":[{"@type":"SearchAction","target":{"@type":"EntryPoint","urlTemplate":"https:\/\/steampunkbar.se\/victorian\/?s={search_term_string}"},"query-input":"required name=search_term_string"}],"inLanguage":"sv-SE"}]}},"_links":{"self":[{"href":"https:\/\/steampunkbar.se\/victorian\/wp-json\/wp\/v2\/pages\/5895"}],"collection":[{"href":"https:\/\/steampunkbar.se\/victorian\/wp-json\/wp\/v2\/pages"}],"about":[{"href":"https:\/\/steampunkbar.se\/victorian\/wp-json\/wp\/v2\/types\/page"}],"author":[{"embeddable":true,"href":"https:\/\/steampunkbar.se\/victorian\/wp-json\/wp\/v2\/users\/2"}],"replies":[{"embeddable":true,"href":"https:\/\/steampunkbar.se\/victorian\/wp-json\/wp\/v2\/comments?post=5895"}],"version-history":[{"count":24,"href":"https:\/\/steampunkbar.se\/victorian\/wp-json\/wp\/v2\/pages\/5895\/revisions"}],"predecessor-version":[{"id":7177,"href":"https:\/\/steampunkbar.se\/victorian\/wp-json\/wp\/v2\/pages\/5895\/revisions\/7177"}],"up":[{"embeddable":true,"href":"https:\/\/steampunkbar.se\/victorian\/wp-json\/wp\/v2\/pages\/5976"}],"wp:featuredmedia":[{"embeddable":true,"href":"https:\/\/steampunkbar.se\/victorian\/wp-json\/wp\/v2\/media\/4742"}],"wp:attachment":[{"href":"https:\/\/steampunkbar.se\/victorian\/wp-json\/wp\/v2\/media?parent=5895"}],"curies":[{"name":"wp","href":"https:\/\/api.w.org\/{rel}","templated":true}]}}