{"id":6,"date":"2019-10-24T17:15:04","date_gmt":"2019-10-24T15:15:04","guid":{"rendered":"https:\/\/onmediadev.se\/steampunk\/victorian\/?page_id=6"},"modified":"2026-03-31T09:56:35","modified_gmt":"2026-03-31T07:56:35","slug":"startsidan","status":"publish","type":"page","link":"https:\/\/steampunkbar.se\/victorian\/","title":{"rendered":"Restaurang &#038; bar i Steampunkmilj\u00f6"},"content":{"rendered":"\r\n<p>I hj\u00e4rtat av G\u00f6teborg hittar ni v\u00e5r cocktailbar h\u00e4r njuter du av annorlunda och spektakul\u00e4ra cocktails gjorda av v\u00e5ra duktiga bartenders, samt goda viner i en h\u00e4rlig viktoriansk steampunk-milj\u00f6. I den mysiga restaurangdelen serveras sm\u00e5r\u00e4tter av toppkvalitet i sp\u00e4nnande smaker som \u00e4r perfekta att dela p\u00e5 f\u00f6r att f\u00e5 uppleva s\u00e5 mycket smaker som m\u00f6jligt.<\/p>\r\n\r\n\r\n\r\n<p>Eller varf\u00f6r inte boka v\u00e5rat labb med kemisterna i laboratoriet f\u00f6r en genomg\u00e5ng du sent ska gl\u00f6mma.<\/p>\r\n\r\n\r\n\r\n<p>Vi har \u00e4ven br\u00e4dspel i baren. Det \u00e4r bara att rulla in och spela!<\/p>\r\n","protected":false},"excerpt":{"rendered":"<p>I hj\u00e4rtat av G\u00f6teborg hittar ni v\u00e5r cocktailbar h\u00e4r njuter du av annorlunda och spektakul\u00e4ra cocktails gjorda av v\u00e5ra duktiga bartenders, samt goda viner i en h\u00e4rlig viktoriansk steampunk-milj\u00f6. I den mysiga restaurangdelen serveras sm\u00e5r\u00e4tter av toppkvalitet i sp\u00e4nnande smaker som \u00e4r perfekta att dela p\u00e5 f\u00f6r att f\u00e5 uppleva s\u00e5 mycket smaker som m\u00f6jligt. <a href=\"https:\/\/steampunkbar.se\/victorian\/\" class=\"more-link\">&#8230;<\/a><\/p>\n","protected":false},"author":1,"featured_media":4059,"parent":0,"menu_order":0,"comment_status":"closed","ping_status":"closed","template":"sidmall-startsida.php","meta":{"footnotes":""},"acf":[],"yoast_head":"<!-- This site is optimized with the Yoast SEO plugin v19.13 - https:\/\/yoast.com\/wordpress\/plugins\/seo\/ -->\n<title>Victorian Steampunk Lab | Unik Cocktail Bar G\u00f6teborg<\/title>\n<meta name=\"description\" content=\"Bes\u00f6k v\u00e5r unika cocktail bar i G\u00f6teborg. Njut av v\u00e5ra annorlunda och spektakul\u00e4ra cocktails gjorda av n\u00e5gra av Sveriges b\u00e4sta bartenders.\" \/>\n<meta name=\"robots\" content=\"index, follow, max-snippet:-1, max-image-preview:large, max-video-preview:-1\" \/>\n<link rel=\"canonical\" href=\"https:\/\/steampunkbar.se\/victorian\/\" \/>\n<meta property=\"og:locale\" content=\"sv_SE\" \/>\n<meta property=\"og:type\" content=\"article\" \/>\n<meta property=\"og:title\" content=\"Victorian Steampunk Lab | Unik Cocktail Bar G\u00f6teborg\" \/>\n<meta property=\"og:description\" content=\"Bes\u00f6k v\u00e5r unika cocktail bar i G\u00f6teborg. Njut av v\u00e5ra annorlunda och spektakul\u00e4ra cocktails gjorda av n\u00e5gra av Sveriges b\u00e4sta bartenders.\" \/>\n<meta property=\"og:url\" content=\"https:\/\/steampunkbar.se\/victorian\/\" \/>\n<meta property=\"og:site_name\" content=\"Victorian Steampunk Lab\" \/>\n<meta property=\"article:modified_time\" content=\"2026-03-31T07:56:35+00:00\" \/>\n<meta property=\"og:image\" content=\"https:\/\/steampunkbar.se\/victorian\/wp-content\/uploads\/sites\/2\/2020\/01\/IMG_0931-min-scaled.jpg\" \/>\n\t<meta property=\"og:image:width\" content=\"2560\" \/>\n\t<meta property=\"og:image:height\" content=\"1867\" \/>\n\t<meta property=\"og:image:type\" content=\"image\/jpeg\" \/>\n<meta name=\"twitter:card\" content=\"summary_large_image\" \/>\n<meta name=\"twitter:label1\" content=\"Ber\u00e4knad l\u00e4stid\" \/>\n\t<meta name=\"twitter:data1\" content=\"1 minut\" \/>\n<script type=\"application\/ld+json\" class=\"yoast-schema-graph\">{\"@context\":\"https:\/\/schema.org\",\"@graph\":[{\"@type\":\"WebPage\",\"@id\":\"https:\/\/steampunkbar.se\/victorian\/\",\"url\":\"https:\/\/steampunkbar.se\/victorian\/\",\"name\":\"Victorian Steampunk Lab | Unik Cocktail Bar G\u00f6teborg\",\"isPartOf\":{\"@id\":\"https:\/\/steampunkbar.se\/victorian\/#website\"},\"datePublished\":\"2019-10-24T15:15:04+00:00\",\"dateModified\":\"2026-03-31T07:56:35+00:00\",\"description\":\"Bes\u00f6k v\u00e5r unika cocktail bar i G\u00f6teborg. Njut av v\u00e5ra annorlunda och spektakul\u00e4ra cocktails gjorda av n\u00e5gra av Sveriges b\u00e4sta bartenders.\",\"breadcrumb\":{\"@id\":\"https:\/\/steampunkbar.se\/victorian\/#breadcrumb\"},\"inLanguage\":\"sv-SE\",\"potentialAction\":[{\"@type\":\"ReadAction\",\"target\":[\"https:\/\/steampunkbar.se\/victorian\/\"]}]},{\"@type\":\"BreadcrumbList\",\"@id\":\"https:\/\/steampunkbar.se\/victorian\/#breadcrumb\",\"itemListElement\":[{\"@type\":\"ListItem\",\"position\":1,\"name\":\"Hem\",\"item\":\"https:\/\/steampunkbar.se\/victorian\/\"},{\"@type\":\"ListItem\",\"position\":2,\"name\":\"Restaurang &#038; bar i Steampunkmilj\u00f6\"}]},{\"@type\":\"WebSite\",\"@id\":\"https:\/\/steampunkbar.se\/victorian\/#website\",\"url\":\"https:\/\/steampunkbar.se\/victorian\/\",\"name\":\"Victorian Steampunk Lab\",\"description\":\"Resturang victorian steampunk lab\",\"potentialAction\":[{\"@type\":\"SearchAction\",\"target\":{\"@type\":\"EntryPoint\",\"urlTemplate\":\"https:\/\/steampunkbar.se\/victorian\/?s={search_term_string}\"},\"query-input\":\"required name=search_term_string\"}],\"inLanguage\":\"sv-SE\"}]}<\/script>\n<!-- \/ Yoast SEO plugin. -->","yoast_head_json":{"title":"Victorian Steampunk Lab | Unik Cocktail Bar G\u00f6teborg","description":"Bes\u00f6k v\u00e5r unika cocktail bar i G\u00f6teborg. Njut av v\u00e5ra annorlunda och spektakul\u00e4ra cocktails gjorda av n\u00e5gra av Sveriges b\u00e4sta bartenders.","robots":{"index":"index","follow":"follow","max-snippet":"max-snippet:-1","max-image-preview":"max-image-preview:large","max-video-preview":"max-video-preview:-1"},"canonical":"https:\/\/steampunkbar.se\/victorian\/","og_locale":"sv_SE","og_type":"article","og_title":"Victorian Steampunk Lab | Unik Cocktail Bar G\u00f6teborg","og_description":"Bes\u00f6k v\u00e5r unika cocktail bar i G\u00f6teborg. Njut av v\u00e5ra annorlunda och spektakul\u00e4ra cocktails gjorda av n\u00e5gra av Sveriges b\u00e4sta bartenders.","og_url":"https:\/\/steampunkbar.se\/victorian\/","og_site_name":"Victorian Steampunk Lab","article_modified_time":"2026-03-31T07:56:35+00:00","og_image":[{"width":2560,"height":1867,"url":"https:\/\/steampunkbar.se\/victorian\/wp-content\/uploads\/sites\/2\/2020\/01\/IMG_0931-min-scaled.jpg","type":"image\/jpeg"}],"twitter_card":"summary_large_image","twitter_misc":{"Ber\u00e4knad l\u00e4stid":"1 minut"},"schema":{"@context":"https:\/\/schema.org","@graph":[{"@type":"WebPage","@id":"https:\/\/steampunkbar.se\/victorian\/","url":"https:\/\/steampunkbar.se\/victorian\/","name":"Victorian Steampunk Lab | Unik Cocktail Bar G\u00f6teborg","isPartOf":{"@id":"https:\/\/steampunkbar.se\/victorian\/#website"},"datePublished":"2019-10-24T15:15:04+00:00","dateModified":"2026-03-31T07:56:35+00:00","description":"Bes\u00f6k v\u00e5r unika cocktail bar i G\u00f6teborg. Njut av v\u00e5ra annorlunda och spektakul\u00e4ra cocktails gjorda av n\u00e5gra av Sveriges b\u00e4sta bartenders.","breadcrumb":{"@id":"https:\/\/steampunkbar.se\/victorian\/#breadcrumb"},"inLanguage":"sv-SE","potentialAction":[{"@type":"ReadAction","target":["https:\/\/steampunkbar.se\/victorian\/"]}]},{"@type":"BreadcrumbList","@id":"https:\/\/steampunkbar.se\/victorian\/#breadcrumb","itemListElement":[{"@type":"ListItem","position":1,"name":"Hem","item":"https:\/\/steampunkbar.se\/victorian\/"},{"@type":"ListItem","position":2,"name":"Restaurang &#038; bar i Steampunkmilj\u00f6"}]},{"@type":"WebSite","@id":"https:\/\/steampunkbar.se\/victorian\/#website","url":"https:\/\/steampunkbar.se\/victorian\/","name":"Victorian Steampunk Lab","description":"Resturang victorian steampunk lab","potentialAction":[{"@type":"SearchAction","target":{"@type":"EntryPoint","urlTemplate":"https:\/\/steampunkbar.se\/victorian\/?s={search_term_string}"},"query-input":"required name=search_term_string"}],"inLanguage":"sv-SE"}]}},"_links":{"self":[{"href":"https:\/\/steampunkbar.se\/victorian\/wp-json\/wp\/v2\/pages\/6"}],"collection":[{"href":"https:\/\/steampunkbar.se\/victorian\/wp-json\/wp\/v2\/pages"}],"about":[{"href":"https:\/\/steampunkbar.se\/victorian\/wp-json\/wp\/v2\/types\/page"}],"author":[{"embeddable":true,"href":"https:\/\/steampunkbar.se\/victorian\/wp-json\/wp\/v2\/users\/1"}],"replies":[{"embeddable":true,"href":"https:\/\/steampunkbar.se\/victorian\/wp-json\/wp\/v2\/comments?post=6"}],"version-history":[{"count":60,"href":"https:\/\/steampunkbar.se\/victorian\/wp-json\/wp\/v2\/pages\/6\/revisions"}],"predecessor-version":[{"id":7321,"href":"https:\/\/steampunkbar.se\/victorian\/wp-json\/wp\/v2\/pages\/6\/revisions\/7321"}],"wp:featuredmedia":[{"embeddable":true,"href":"https:\/\/steampunkbar.se\/victorian\/wp-json\/wp\/v2\/media\/4059"}],"wp:attachment":[{"href":"https:\/\/steampunkbar.se\/victorian\/wp-json\/wp\/v2\/media?parent=6"}],"curies":[{"name":"wp","href":"https:\/\/api.w.org\/{rel}","templated":true}]}}