{"id":6899,"date":"2024-12-05T09:57:55","date_gmt":"2024-12-05T08:57:55","guid":{"rendered":"https:\/\/steampunkbar.se\/victorian\/?page_id=6899"},"modified":"2024-12-05T10:41:53","modified_gmt":"2024-12-05T09:41:53","slug":"olguide-skillnad-mellan-olika-ol","status":"publish","type":"page","link":"https:\/\/steampunkbar.se\/victorian\/dryckesprovning\/olguide-skillnad-mellan-olika-ol\/","title":{"rendered":"\u00d6lguide: Skillnaden mellan olika \u00f6lsorter"},"content":{"rendered":"\r\n\r\n\r\n\r\n\r\n\r\n\r\n<h2 class=\"wp-block-heading\">Lager, IPA &amp; belgisk \u00f6l &#8211; Vad skiljer alla olika \u00f6lsorter \u00e5t?<\/h2>\r\n\r\n\r\n\r\n<p style=\"font-size: 23px;\"><span style=\"font-weight: 400;\">Vad skiljer en ljus \u00f6l fr\u00e5n en m\u00f6rk \u00f6l, och vad \u00e4r egentligen en IPA? Att navigera bland alla olika \u00f6ltyper och deras smakprofiler kan vara \u00f6verv\u00e4ldigande. I denna guide utforskar vi popul\u00e4ra \u00f6lsorter och deras smaknoter, s\u00e5 att du b\u00e4ttre kan f\u00f6rst\u00e5 vad som skiljer dem \u00e5t och para ihop dem med r\u00e4tt typ av mat!<\/span><\/p>\r\n\r\n\r\n\r\n<h2 class=\"has-text-align-center\" style=\"text-align: left;\">Hur m\u00e5nga \u00f6lsorter finns det i v\u00e4rlden?<\/h2>\r\n<p>\r\n\r\n<\/p>\r\n<p><span style=\"font-weight: 400;\">Ett exakt antal \u00f6lsorter i v\u00e4rlden \u00e4r n\u00e4st intill om\u00f6jligt att r\u00e4kna ut eftersom alla \u00f6lsorter har regionala varianter samt m\u00e4ngder av bryggerier som med sina egna metoder brygger \u00f6lsorten p\u00e5 sitt eget s\u00e4tt. \u00d6lindustrin utvecklas konstant och mikrobryggerier t\u00e4mjer alltid p\u00e5 gr\u00e4nserna mellan olika \u00f6ltyper och vad man kan kalla f\u00f6r en viss typ av \u00f6l. Antalet beror \u00e4ven p\u00e5 hur djupt man vill g\u00e5 f\u00f6r att dela in \u00f6lsorter, d\u00e4r det g\u00e5r att dela in \u00f6lsorter i egna underkategorier vilket leder till \u00e4nnu fler individuella sorter.\u00a0<\/span><\/p>\r\n<p><span style=\"font-weight: 400;\">Med det sagt v\u00e4ljer vi att utg\u00e5 ifr\u00e5n de allra vanligaste sorterna, och \u00e4ven de sorter som ligger som grund till alla varianter som g\u00f6rs p\u00e5 dessa sorter av \u00f6l. Dessa sorter inkluderar <\/span><b>lager<\/b><span style=\"font-weight: 400;\">,<\/span><b> IPA<\/b><span style=\"font-weight: 400;\">,<\/span><b> Pale Ale<\/b><span style=\"font-weight: 400;\">, <\/span><b>vete\u00f6l<\/b><span style=\"font-weight: 400;\">,<\/span><b> sur\u00f6l<\/b><span style=\"font-weight: 400;\">,<\/span><b> stout\/porter<\/b><span style=\"font-weight: 400;\">, <\/span><b>engelsk ale <\/b><span style=\"font-weight: 400;\">samt<\/span><b> belgiskt \u00f6l. <\/b><span style=\"font-weight: 400;\">Denna guide hj\u00e4lper dig att f\u00e5 en \u00f6vergriplig bild av alla de vanligaste \u00f6lsorterna i v\u00e4rlden och kan anv\u00e4ndas som en utg\u00e5ngspunkt n\u00e4sta g\u00e5ng du st\u00e5r p\u00e5 Systembolaget och ska v\u00e4lja bland det till synes o\u00e4ndliga antalet alternativ. Guiden ligger som grund f\u00f6r <\/span><a href=\"https:\/\/steampunkbar.se\/victorian\/dryckesprovning\/olprovning-goteborg\/\"><span style=\"font-weight: 400;\">v\u00e5r \u00f6lprovning<\/span><\/a><span style=\"font-weight: 400;\">, d\u00e4r vi g\u00e5r in mer p\u00e5 djupet och l\u00e5ter dig prova dig fram mellan \u00f6lets alla smaker!<\/span><\/p>\r\n<p>&nbsp;<\/p>\r\n\r\n\r\n\r\n<div class=\"wp-block-media-text alignwide is-stacked-on-mobile\">\r\n<figure class=\"wp-block-media-text__media\"><img decoding=\"async\" loading=\"lazy\" class=\"alignnone wp-image-5916 size-medium\" src=\"https:\/\/steampunkbar.se\/victorian\/wp-content\/uploads\/sites\/2\/2023\/01\/Olprovning-steampunkbar-300x225.jpg\" alt=\"Uppt\u00e4ck fantastisk \u00f6l p\u00e5 Victorian Steampunk Labs \u00f6lprovning i G\u00f6teborg!\" width=\"300\" height=\"225\" srcset=\"https:\/\/steampunkbar.se\/victorian\/wp-content\/uploads\/sites\/2\/2023\/01\/Olprovning-steampunkbar-300x225.jpg 300w, https:\/\/steampunkbar.se\/victorian\/wp-content\/uploads\/sites\/2\/2023\/01\/Olprovning-steampunkbar.jpg 640w\" sizes=\"(max-width: 300px) 100vw, 300px\" \/><\/figure>\r\n<div class=\"wp-block-media-text__content\">\r\n<h2 class=\"wp-block-heading\">Vad \u00e4r pilsner?<\/h2>\r\n<h2>\r\n\r\n<\/h2>\r\n<p><span style=\"font-weight: 400;\">Pilsner \u00e4r en typ av lager\u00f6l som ursprungligen kommer fr\u00e5n staden Plze\u0148 (Pilsen) i Tjeckien. Den uppfanns p\u00e5 1840-talet och \u00e4r k\u00e4nd f\u00f6r sin ljusa f\u00e4rg, friska smak och krispiga karakt\u00e4r. Pilsner k\u00e4nnetecknas av sin ljusa, gyllengula f\u00e4rg, l\u00e4gre alkoholhalt (ofta runt 4-5 %), och en ren, uppfriskande smakprofil.\u00a0<\/span><\/p>\r\n<p><span style=\"font-weight: 400;\">Det finns tv\u00e5 huvudsakliga varianter av pilsner:<\/span><\/p>\r\n<ul>\r\n<li style=\"font-weight: 400;\" aria-level=\"1\"><span style=\"font-weight: 400;\">Tjeckisk pilsner \u2013 Fyllig maltkarakt\u00e4r och en mildare beska j\u00e4mf\u00f6rt med den tyska varianten. Smaken \u00e4r mjuk och rund.<\/span><\/li>\r\n<li style=\"font-weight: 400;\" aria-level=\"1\"><span style=\"font-weight: 400;\">Tysk pilsner (pils) \u2013 \u00c4r oftast torrare och n\u00e5got beskare med en skarpare smak \u00e4n den tjeckiska varianten. Kan \u00e4ven beskrivas som n\u00e5got ljusare och krispigare, generellt sett.\u00a0<\/span><\/li>\r\n<\/ul>\r\n<h2>\r\n\r\n<\/h2>\r\n<!-- \/wp:paragraph --><\/div>\r\n<\/div>\r\n<!-- \/wp:media-text -->\r\n\r\n<!-- wp:paragraph -->\r\n<h2>\u00a0<\/h2>\r\n<h2>Vad \u00e4r IPA?<\/h2>\r\n<p><!-- \/wp:heading -->\r\n\r\n<!-- wp:list --><\/p>\r\n<p><span style=\"font-weight: 400;\">IPA st\u00e5r f\u00f6r India Pale Ale och \u00e4r en \u00f6lstil som k\u00e4nnetecknas av sin starka humlesmak och ofta h\u00f6ga alkoholhalt. Namnet &#8221;India Pale Ale&#8221; h\u00e4rstammar fr\u00e5n 1700- och 1800-talets Storbritannien d\u00e5 \u00f6l exporterades till brittiska kolonier, speciellt till Indien. F\u00f6r att h\u00e5lla \u00f6len f\u00e4rsk under den l\u00e5nga resan tillsattes mer humle, vilket ledde till att den fick en mer besk och \u201chumlig\u201d smak.\u00a0<\/span><\/p>\r\n<p><span style=\"font-weight: 400;\">Det finns fyra huvudsakliga varianter av IPA:<\/span><\/p>\r\n<ul>\r\n<li><span style=\"font-weight: 400;\">American IPA \u2013 Mer citrusaktig och fruktig p\u00e5 grund av anv\u00e4ndningen av amerikanska humlesorter.<\/span><\/li>\r\n<li><span style=\"font-weight: 400;\">Double IPA (DIPA) \u2013 Starkare och mer humledominerad \u00e4n standard IPA.<\/span><\/li>\r\n<li><span style=\"font-weight: 400;\">Session IPA \u2013 En l\u00e4ttare version med l\u00e4gre alkoholhalt, men fortfarande med tydlig humleprofil.<\/span><\/li>\r\n<li><span style=\"font-weight: 400;\">New England IPA (NEIPA) \u2013 Ofta grumlig och med en s\u00f6tare, mindre bitter smak, samt en fruktig arom.<\/span><\/li>\r\n<\/ul>\r\n<div class=\"wp-block-column\">\r\n<h2>Andra \u00f6ltyper och vad som utm\u00e4rker dem<\/h2>\r\n<ul>\r\n<li><span style=\"font-size: 14pt;\"><strong>Lager<\/strong> \u00e4r en ljus och ren \u00f6l med en krispig smak, l\u00e5g beska och ofta en tydlig maltkarakt\u00e4r. Lager\u00f6l bryggs med en kall j\u00e4sningsmetod, vilket ger ett l\u00e4tt och uppfriskande \u00f6l, perfekt f\u00f6r varma dagar i solen!<\/span><\/li>\r\n<li><span style=\"font-size: 14pt;\"><strong>Pale Ale<\/strong> k\u00e4nnetecknas av en fylligare kropp och en fruktig, blommig arom, vanligtvis med amerikanska humlesorter som ger en distinkt smakprofil.<\/span><\/li>\r\n<li><span style=\"font-size: 14pt;\"><strong>Vete\u00f6l<\/strong> har en st\u00f6rre andel vetemalt, vilket ger en l\u00e4tt, fruktig smak och ett grumligt utseende.<\/span><\/li>\r\n<li><span style=\"font-size: 14pt;\"><strong>Sur\u00f6l<\/strong> har generellt sett en syrlig smak, skapad genom speciella j\u00e4ststammar eller tillsats av frukt.<\/span><\/li>\r\n<li><span style=\"font-size: 14pt;\"><strong>Stout\/Porter<\/strong> \u00e4r m\u00f6rka \u00f6lsorter med djupa smaker av rostad malt, choklad och kaffe.<\/span><\/li>\r\n<li><span style=\"font-size: 14pt;\"><strong>Engelsk Ale<\/strong> \u00e4r ofta maltig med en balanserad beska och mjuk k\u00e4nsla.<\/span><\/li>\r\n<li><span style=\"font-size: 14pt;\"><strong>Belgisk \u00f6l<\/strong> k\u00e4nnetecknas av komplexa smaker och h\u00f6g alkoholhalt, ofta med fruktiga och kryddiga inslag.<\/span><\/li>\r\n<\/ul>\r\n<h2>Vilken \u00f6l \u00e4r godast till vilken matr\u00e4tt?<\/h2>\r\n<p><span style=\"font-size: 14pt;\"><b>Lager <\/b><span style=\"font-weight: 400;\">passar med sin l\u00e4tta och krispiga smakprofil perfekt till sallader, sushi och liknande milda och l\u00e4tta r\u00e4tter. <\/span><b>IPA<\/b><span style=\"font-weight: 400;\"> passar generellt b\u00e4ttre till kryddstarka r\u00e4tter, t.ex. indisk eller mexikansk mat d\u00e5 fruktigheten och beskan matchar kryddigheten och sk\u00e4r igenom fet mat. <\/span><b>Pale Ale <\/b><span style=\"font-weight: 400;\">\u00e4r lite mildare \u00e4n IPA men fungerar utm\u00e4rkt till feta r\u00e4tter som hamburgare och pizza.\u00a0<\/span><\/span><\/p>\r\n<p><span style=\"font-size: 14pt;\"><b>Vete\u00f6l <\/b><span style=\"font-weight: 400;\">matchar perfekt med skaldjur eller citrusbaserade r\u00e4tter som passar med den fruktiga och citrus-aktiga smaken av \u00f6let. Till en <\/span><b>sur\u00f6l <\/b><span style=\"font-weight: 400;\">rekommenderar vi skaldjur eller ostbricka, till <\/span><b>stout\/porter <\/b><span style=\"font-weight: 400;\">en kraftig gryta eller chokladdessert och till <\/span><b>engelsk ale <\/b><span style=\"font-weight: 400;\">rekommenderar vi brittisk pubmat som fish and chips eller paj. Sist men inte minst rekommenderar vi till <\/span><b>belgisk \u00f6l<\/b><span style=\"font-weight: 400;\"> k\u00f6tt, starkare ostar eller en belgisk klassiker: musslor med pommes frites. <\/span><a href=\"https:\/\/steampunkbar.se\/victorian\/dryckesprovning\/olprovning-goteborg\/\"><span style=\"font-weight: 400;\">P\u00e5 v\u00e5r \u00f6lprovning<\/span><\/a><span style=\"font-weight: 400;\"> g\u00e5r vi djupare in p\u00e5 vad som passar till vad och varf\u00f6r!<\/span><\/span><\/p>\r\n<\/div>\r\n<!-- \/wp:paragraph -->\r\n\r\n<!-- wp:heading {\"level\":3} -->\r\n<h2>Boka en \u00f6lprovning i G\u00f6teborg<\/h2>\r\n<p><span style=\"font-size: 14pt;\"><span style=\"font-weight: 400;\">Om du \u00e4r intresserad av \u00f6l och vill l\u00e4ra dig mer om och smaka de \u00f6lsorterna vi har tagit upp i guiden &#8211; boka d\u00e5 en <\/span><a href=\"https:\/\/steampunkbar.se\/victorian\/dryckesprovning\/olprovning-goteborg\/\"><span style=\"font-weight: 400;\">\u00f6lprovning hos oss p\u00e5 Victorian Steampunk Lab<\/span><\/a><span style=\"font-weight: 400;\">! H\u00e4r f\u00e5r du smaka alla de olika \u00f6lsorterna fr\u00e5n intressanta bryggerier runt om i v\u00e4rlden samtidigt som vi ber\u00e4ttar om vad som utm\u00e4rker respektive \u00f6ltyp. Tillsammans diskuterar vi smakerna och vad som passar till varje \u00f6l. L\u00e4r dig om \u00f6lets historia och var med om en smakupplevelse ut\u00f6ver det vanliga under en kv\u00e4ll i \u00f6lets v\u00e4rld!<\/span><\/span><\/p>\r\n<!-- \/wp:heading -->\r\n\r\n<!-- wp:html -->\r\n\n<div class=\"wpcf7 no-js\" id=\"wpcf7-f5887-o1\" lang=\"sv-SE\" dir=\"ltr\">\n<div class=\"screen-reader-response\"><p role=\"status\" aria-live=\"polite\" aria-atomic=\"true\"><\/p> <ul><\/ul><\/div>\n<form action=\"\/victorian\/wp-json\/wp\/v2\/pages\/6899#wpcf7-f5887-o1\" method=\"post\" class=\"wpcf7-form init\" aria-label=\"Kontaktformul\u00e4r\" novalidate=\"novalidate\" data-status=\"init\">\n<div style=\"display: none;\">\n<input type=\"hidden\" name=\"_wpcf7\" value=\"5887\" \/>\n<input type=\"hidden\" name=\"_wpcf7_version\" value=\"5.9.5\" \/>\n<input type=\"hidden\" name=\"_wpcf7_locale\" value=\"sv_SE\" \/>\n<input type=\"hidden\" name=\"_wpcf7_unit_tag\" value=\"wpcf7-f5887-o1\" \/>\n<input type=\"hidden\" name=\"_wpcf7_container_post\" value=\"0\" \/>\n<input type=\"hidden\" name=\"_wpcf7_posted_data_hash\" value=\"\" \/>\n<\/div>\n<div class=\"row weird-input-fields\">\n\t<div class=\"col-md-6 col-12 mt-3\">\n\t\t<p><label>Namn*<\/label><br \/>\n<span class=\"wpcf7-form-control-wrap\" data-name=\"your-name\"><input size=\"40\" class=\"wpcf7-form-control wpcf7-text wpcf7-validates-as-required\" aria-required=\"true\" aria-invalid=\"false\" placeholder=\"Ditt namn*\" value=\"\" type=\"text\" name=\"your-name\" \/><\/span>\n\t\t<\/p>\n\t<\/div>\n\t<div class=\"col-md-6 col-12 mt-3\">\n\t\t<p><label>E-post*<\/label><br \/>\n<span class=\"wpcf7-form-control-wrap\" data-name=\"your-email\"><input size=\"40\" class=\"wpcf7-form-control wpcf7-email wpcf7-validates-as-required wpcf7-text wpcf7-validates-as-email\" aria-required=\"true\" aria-invalid=\"false\" placeholder=\"Din e-postadress*\" value=\"\" type=\"email\" name=\"your-email\" \/><\/span>\n\t\t<\/p>\n\t<\/div>\n\t<div class=\"col-md-6 col-12 mt-3\">\n\t\t<p><label>Telefon<\/label><br \/>\n<span class=\"wpcf7-form-control-wrap\" data-name=\"yourtel\"><input size=\"40\" class=\"wpcf7-form-control wpcf7-tel wpcf7-text wpcf7-validates-as-tel\" aria-invalid=\"false\" placeholder=\"Ditt telefonnummer\" value=\"\" type=\"tel\" name=\"yourtel\" \/><\/span>\n\t\t<\/p>\n\t<\/div>\n\t<div class=\"col-md-6 col-12 mt-3\">\n\t\t<p><label>Datum*<\/label><br \/>\n<span class=\"wpcf7-form-control-wrap\" data-name=\"date-arrive\"><input size=\"40\" class=\"wpcf7-form-control wpcf7-text wpcf7-validates-as-required\" aria-required=\"true\" aria-invalid=\"false\" placeholder=\"15 januari 2020*\" value=\"\" type=\"text\" name=\"date-arrive\" \/><\/span>\n\t\t<\/p>\n\t<\/div>\n\t<div class=\"col-md-6 col-12 mt-3\">\n\t\t<p><label>Tid*<\/label><br \/>\n<span class=\"wpcf7-form-control-wrap\" data-name=\"time-arrive\"><input size=\"40\" class=\"wpcf7-form-control wpcf7-text wpcf7-validates-as-required\" aria-required=\"true\" aria-invalid=\"false\" placeholder=\"18:30*\" value=\"\" type=\"text\" name=\"time-arrive\" \/><\/span>\n\t\t<\/p>\n\t<\/div>\n\t<div class=\"col-md-6 col-12 mt-3\">\n\t\t<p><label>Antal personer*<\/label><br \/>\n<span class=\"wpcf7-form-control-wrap\" data-name=\"antal-besokare\"><input class=\"wpcf7-form-control wpcf7-number wpcf7-validates-as-required wpcf7-validates-as-number\" aria-required=\"true\" aria-invalid=\"false\" placeholder=\"4\" value=\"\" type=\"number\" name=\"antal-besokare\" \/><\/span>\n\t\t<\/p>\n\t<\/div>\n<\/div>\n<p><label class=\"mt-3\">\u00d6vriga upplysningar till restaurangen<\/label><br \/>\n<span class=\"wpcf7-form-control-wrap\" data-name=\"your-message\"><textarea cols=\"40\" rows=\"10\" class=\"wpcf7-form-control wpcf7-textarea\" aria-invalid=\"false\" placeholder=\"Skriv h\u00e4r...\" name=\"your-message\"><\/textarea><\/span>\n<\/p>\n<p><input class=\"wpcf7-form-control wpcf7-submit has-spinner btn-success\" type=\"submit\" value=\"Skicka\" \/>\n<\/p><div class=\"wpcf7-response-output\" aria-hidden=\"true\"><\/div>\n<\/form>\n<\/div>\n\r\n<!-- \/wp:html -->","protected":false},"excerpt":{"rendered":"<p>Lager, IPA &amp; belgisk \u00f6l &#8211; Vad skiljer alla olika \u00f6lsorter \u00e5t? Vad skiljer en ljus \u00f6l fr\u00e5n en m\u00f6rk \u00f6l, och vad \u00e4r egentligen en IPA? Att navigera bland alla olika \u00f6ltyper och deras smakprofiler kan vara \u00f6verv\u00e4ldigande. I denna guide utforskar vi popul\u00e4ra \u00f6lsorter och deras smaknoter, s\u00e5 att du b\u00e4ttre kan f\u00f6rst\u00e5 <a href=\"https:\/\/steampunkbar.se\/victorian\/dryckesprovning\/olguide-skillnad-mellan-olika-ol\/\" class=\"more-link\">&#8230;<\/a><\/p>\n","protected":false},"author":2,"featured_media":4754,"parent":5976,"menu_order":0,"comment_status":"closed","ping_status":"closed","template":"","meta":{"footnotes":""},"acf":[],"yoast_head":"<!-- This site is optimized with the Yoast SEO plugin v19.13 - https:\/\/yoast.com\/wordpress\/plugins\/seo\/ -->\n<title>\u00d6lguide: Vad skiljer alla olika \u00f6lsorter \u00e5t?<\/title>\n<meta name=\"description\" content=\"L\u00e4r dig vad som skiljer en ljus \u00f6l fr\u00e5n en m\u00f6rk \u00f6l, vad som utm\u00e4rker IPA-\u00f6l &amp; belgiskt \u00f6l samt hur du kan v\u00e4lja r\u00e4tt \u00f6ltyp till r\u00e4tt matr\u00e4tt. L\u00e4s v\u00e5r \u00f6l-giude!\" \/>\n<meta name=\"robots\" content=\"index, follow, max-snippet:-1, max-image-preview:large, max-video-preview:-1\" \/>\n<link rel=\"canonical\" href=\"https:\/\/steampunkbar.se\/victorian\/dryckesprovning\/olguide-skillnad-mellan-olika-ol\/\" \/>\n<meta property=\"og:locale\" content=\"sv_SE\" \/>\n<meta property=\"og:type\" content=\"article\" \/>\n<meta property=\"og:title\" content=\"\u00d6lguide: Vad skiljer alla olika \u00f6lsorter \u00e5t?\" \/>\n<meta property=\"og:description\" content=\"L\u00e4r dig vad som skiljer en ljus \u00f6l fr\u00e5n en m\u00f6rk \u00f6l, vad som utm\u00e4rker IPA-\u00f6l &amp; belgiskt \u00f6l samt hur du kan v\u00e4lja r\u00e4tt \u00f6ltyp till r\u00e4tt matr\u00e4tt. L\u00e4s v\u00e5r \u00f6l-giude!\" \/>\n<meta property=\"og:url\" content=\"https:\/\/steampunkbar.se\/victorian\/dryckesprovning\/olguide-skillnad-mellan-olika-ol\/\" \/>\n<meta property=\"og:site_name\" content=\"Victorian Steampunk Lab\" \/>\n<meta property=\"article:modified_time\" content=\"2024-12-05T09:41:53+00:00\" \/>\n<meta property=\"og:image\" content=\"https:\/\/steampunkbar.se\/victorian\/wp-content\/uploads\/sites\/2\/2020\/12\/\u00f6l-vicotrian-lab.jpg\" \/>\n\t<meta property=\"og:image:width\" content=\"1254\" \/>\n\t<meta property=\"og:image:height\" content=\"271\" \/>\n\t<meta property=\"og:image:type\" content=\"image\/jpeg\" \/>\n<meta name=\"twitter:card\" content=\"summary_large_image\" \/>\n<meta name=\"twitter:label1\" content=\"Ber\u00e4knad l\u00e4stid\" \/>\n\t<meta name=\"twitter:data1\" content=\"2 minuter\" \/>\n<script type=\"application\/ld+json\" class=\"yoast-schema-graph\">{\"@context\":\"https:\/\/schema.org\",\"@graph\":[{\"@type\":\"WebPage\",\"@id\":\"https:\/\/steampunkbar.se\/victorian\/dryckesprovning\/olguide-skillnad-mellan-olika-ol\/\",\"url\":\"https:\/\/steampunkbar.se\/victorian\/dryckesprovning\/olguide-skillnad-mellan-olika-ol\/\",\"name\":\"\u00d6lguide: Vad skiljer alla olika \u00f6lsorter \u00e5t?\",\"isPartOf\":{\"@id\":\"https:\/\/steampunkbar.se\/victorian\/#website\"},\"datePublished\":\"2024-12-05T08:57:55+00:00\",\"dateModified\":\"2024-12-05T09:41:53+00:00\",\"description\":\"L\u00e4r dig vad som skiljer en ljus \u00f6l fr\u00e5n en m\u00f6rk \u00f6l, vad som utm\u00e4rker IPA-\u00f6l & belgiskt \u00f6l samt hur du kan v\u00e4lja r\u00e4tt \u00f6ltyp till r\u00e4tt matr\u00e4tt. L\u00e4s v\u00e5r \u00f6l-giude!\",\"breadcrumb\":{\"@id\":\"https:\/\/steampunkbar.se\/victorian\/dryckesprovning\/olguide-skillnad-mellan-olika-ol\/#breadcrumb\"},\"inLanguage\":\"sv-SE\",\"potentialAction\":[{\"@type\":\"ReadAction\",\"target\":[\"https:\/\/steampunkbar.se\/victorian\/dryckesprovning\/olguide-skillnad-mellan-olika-ol\/\"]}]},{\"@type\":\"BreadcrumbList\",\"@id\":\"https:\/\/steampunkbar.se\/victorian\/dryckesprovning\/olguide-skillnad-mellan-olika-ol\/#breadcrumb\",\"itemListElement\":[{\"@type\":\"ListItem\",\"position\":1,\"name\":\"Hem\",\"item\":\"https:\/\/steampunkbar.se\/victorian\/\"},{\"@type\":\"ListItem\",\"position\":2,\"name\":\"Dryckesprovning i G\u00f6teborg\",\"item\":\"https:\/\/steampunkbar.se\/victorian\/dryckesprovning\/\"},{\"@type\":\"ListItem\",\"position\":3,\"name\":\"\u00d6lguide: Skillnaden mellan olika \u00f6lsorter\"}]},{\"@type\":\"WebSite\",\"@id\":\"https:\/\/steampunkbar.se\/victorian\/#website\",\"url\":\"https:\/\/steampunkbar.se\/victorian\/\",\"name\":\"Victorian Steampunk Lab\",\"description\":\"Resturang victorian steampunk lab\",\"potentialAction\":[{\"@type\":\"SearchAction\",\"target\":{\"@type\":\"EntryPoint\",\"urlTemplate\":\"https:\/\/steampunkbar.se\/victorian\/?s={search_term_string}\"},\"query-input\":\"required name=search_term_string\"}],\"inLanguage\":\"sv-SE\"}]}<\/script>\n<!-- \/ Yoast SEO plugin. -->","yoast_head_json":{"title":"\u00d6lguide: Vad skiljer alla olika \u00f6lsorter \u00e5t?","description":"L\u00e4r dig vad som skiljer en ljus \u00f6l fr\u00e5n en m\u00f6rk \u00f6l, vad som utm\u00e4rker IPA-\u00f6l & belgiskt \u00f6l samt hur du kan v\u00e4lja r\u00e4tt \u00f6ltyp till r\u00e4tt matr\u00e4tt. L\u00e4s v\u00e5r \u00f6l-giude!","robots":{"index":"index","follow":"follow","max-snippet":"max-snippet:-1","max-image-preview":"max-image-preview:large","max-video-preview":"max-video-preview:-1"},"canonical":"https:\/\/steampunkbar.se\/victorian\/dryckesprovning\/olguide-skillnad-mellan-olika-ol\/","og_locale":"sv_SE","og_type":"article","og_title":"\u00d6lguide: Vad skiljer alla olika \u00f6lsorter \u00e5t?","og_description":"L\u00e4r dig vad som skiljer en ljus \u00f6l fr\u00e5n en m\u00f6rk \u00f6l, vad som utm\u00e4rker IPA-\u00f6l & belgiskt \u00f6l samt hur du kan v\u00e4lja r\u00e4tt \u00f6ltyp till r\u00e4tt matr\u00e4tt. L\u00e4s v\u00e5r \u00f6l-giude!","og_url":"https:\/\/steampunkbar.se\/victorian\/dryckesprovning\/olguide-skillnad-mellan-olika-ol\/","og_site_name":"Victorian Steampunk Lab","article_modified_time":"2024-12-05T09:41:53+00:00","og_image":[{"width":1254,"height":271,"url":"https:\/\/steampunkbar.se\/victorian\/wp-content\/uploads\/sites\/2\/2020\/12\/\u00f6l-vicotrian-lab.jpg","type":"image\/jpeg"}],"twitter_card":"summary_large_image","twitter_misc":{"Ber\u00e4knad l\u00e4stid":"2 minuter"},"schema":{"@context":"https:\/\/schema.org","@graph":[{"@type":"WebPage","@id":"https:\/\/steampunkbar.se\/victorian\/dryckesprovning\/olguide-skillnad-mellan-olika-ol\/","url":"https:\/\/steampunkbar.se\/victorian\/dryckesprovning\/olguide-skillnad-mellan-olika-ol\/","name":"\u00d6lguide: Vad skiljer alla olika \u00f6lsorter \u00e5t?","isPartOf":{"@id":"https:\/\/steampunkbar.se\/victorian\/#website"},"datePublished":"2024-12-05T08:57:55+00:00","dateModified":"2024-12-05T09:41:53+00:00","description":"L\u00e4r dig vad som skiljer en ljus \u00f6l fr\u00e5n en m\u00f6rk \u00f6l, vad som utm\u00e4rker IPA-\u00f6l & belgiskt \u00f6l samt hur du kan v\u00e4lja r\u00e4tt \u00f6ltyp till r\u00e4tt matr\u00e4tt. L\u00e4s v\u00e5r \u00f6l-giude!","breadcrumb":{"@id":"https:\/\/steampunkbar.se\/victorian\/dryckesprovning\/olguide-skillnad-mellan-olika-ol\/#breadcrumb"},"inLanguage":"sv-SE","potentialAction":[{"@type":"ReadAction","target":["https:\/\/steampunkbar.se\/victorian\/dryckesprovning\/olguide-skillnad-mellan-olika-ol\/"]}]},{"@type":"BreadcrumbList","@id":"https:\/\/steampunkbar.se\/victorian\/dryckesprovning\/olguide-skillnad-mellan-olika-ol\/#breadcrumb","itemListElement":[{"@type":"ListItem","position":1,"name":"Hem","item":"https:\/\/steampunkbar.se\/victorian\/"},{"@type":"ListItem","position":2,"name":"Dryckesprovning i G\u00f6teborg","item":"https:\/\/steampunkbar.se\/victorian\/dryckesprovning\/"},{"@type":"ListItem","position":3,"name":"\u00d6lguide: Skillnaden mellan olika \u00f6lsorter"}]},{"@type":"WebSite","@id":"https:\/\/steampunkbar.se\/victorian\/#website","url":"https:\/\/steampunkbar.se\/victorian\/","name":"Victorian Steampunk Lab","description":"Resturang victorian steampunk lab","potentialAction":[{"@type":"SearchAction","target":{"@type":"EntryPoint","urlTemplate":"https:\/\/steampunkbar.se\/victorian\/?s={search_term_string}"},"query-input":"required name=search_term_string"}],"inLanguage":"sv-SE"}]}},"_links":{"self":[{"href":"https:\/\/steampunkbar.se\/victorian\/wp-json\/wp\/v2\/pages\/6899"}],"collection":[{"href":"https:\/\/steampunkbar.se\/victorian\/wp-json\/wp\/v2\/pages"}],"about":[{"href":"https:\/\/steampunkbar.se\/victorian\/wp-json\/wp\/v2\/types\/page"}],"author":[{"embeddable":true,"href":"https:\/\/steampunkbar.se\/victorian\/wp-json\/wp\/v2\/users\/2"}],"replies":[{"embeddable":true,"href":"https:\/\/steampunkbar.se\/victorian\/wp-json\/wp\/v2\/comments?post=6899"}],"version-history":[{"count":10,"href":"https:\/\/steampunkbar.se\/victorian\/wp-json\/wp\/v2\/pages\/6899\/revisions"}],"predecessor-version":[{"id":6909,"href":"https:\/\/steampunkbar.se\/victorian\/wp-json\/wp\/v2\/pages\/6899\/revisions\/6909"}],"up":[{"embeddable":true,"href":"https:\/\/steampunkbar.se\/victorian\/wp-json\/wp\/v2\/pages\/5976"}],"wp:featuredmedia":[{"embeddable":true,"href":"https:\/\/steampunkbar.se\/victorian\/wp-json\/wp\/v2\/media\/4754"}],"wp:attachment":[{"href":"https:\/\/steampunkbar.se\/victorian\/wp-json\/wp\/v2\/media?parent=6899"}],"curies":[{"name":"wp","href":"https:\/\/api.w.org\/{rel}","templated":true}]}}