{"id":97,"date":"2019-10-28T14:56:27","date_gmt":"2019-10-28T13:56:27","guid":{"rendered":"https:\/\/onmediadev.se\/steampunk\/victorian\/?page_id=97"},"modified":"2025-11-25T16:51:36","modified_gmt":"2025-11-25T15:51:36","slug":"laboratoriet","status":"publish","type":"page","link":"https:\/\/steampunkbar.se\/victorian\/laboratoriet\/","title":{"rendered":"Laboratoriet &#8211; Victorian Steampunk Lab i G\u00f6teborg"},"content":{"rendered":"\r\n<h2 class=\"has-text-align-center wp-block-heading\">Drinkblandning i labbet med en twist<\/h2>\r\n\r\n\r\n\r\n<p class=\"has-text-align-center\" style=\"font-size: 26px;\">G\u00f6teborgs hetaste upplevelse f\u00f6r after work, m\u00f6hippa, svensexa, f\u00f6delsedag eller kompisg\u00e4nget!<\/p>\r\n\r\n\r\n\r\n<p class=\"has-text-align-center\" style=\"font-size: 19px;\">Ta med dig kompisg\u00e4nget till oss p\u00e5 Victorian Steampunk Lab och l\u00e5t oss bjuda er p\u00e5 en rolig, annorlunda och minnesv\u00e4rd upplevelse. Ni kommer f\u00e5 ta p\u00e5 er labbrockar och skyddsglas\u00f6gon f\u00f6r att sedan f\u00e5 blanda och mixa sp\u00e4nnande drinkar i v\u00e5rt laboratorium. Sedan \u00e4r det bara att avnjuta era skapelser, ov\u00e4ntade, f\u00e4rgstarka och rykande drinkar med en h\u00e4ftig twist.<\/p>\r\n\r\n\r\n\r\n<div class=\"wp-block-spacer\" style=\"height: 20px;\" aria-hidden=\"true\">\u00a0<\/div>\r\n\r\n\r\n\r\n<div class=\"wp-block-columns is-layout-flex wp-container-3 wp-block-columns-is-layout-flex\">\r\n<div class=\"wp-block-column is-layout-flow wp-block-column-is-layout-flow\">\r\n<figure class=\"wp-block-image size-large\"><img decoding=\"async\" class=\"wp-image-4103\" src=\"https:\/\/steampunkbar.se\/victorian\/wp-content\/uploads\/sites\/2\/2020\/01\/IMG_1160-min-1024x683.jpg\" alt=\"Ta del av en h\u00e4ftig upplevelse och blanda drinkar i laboratoriet\" width=\"689\" height=\"459.547\" srcset=\"https:\/\/steampunkbar.se\/victorian\/wp-content\/uploads\/sites\/2\/2020\/01\/IMG_1160-min-1024x683.jpg 1024w, https:\/\/steampunkbar.se\/victorian\/wp-content\/uploads\/sites\/2\/2020\/01\/IMG_1160-min-300x200.jpg 300w, https:\/\/steampunkbar.se\/victorian\/wp-content\/uploads\/sites\/2\/2020\/01\/IMG_1160-min-1536x1024.jpg 1536w, https:\/\/steampunkbar.se\/victorian\/wp-content\/uploads\/sites\/2\/2020\/01\/IMG_1160-min-2048x1365.jpg 2048w\" sizes=\"(max-width: 1024px) 100vw, 1024px\" \/><\/figure>\r\n\r\n\r\n\r\n<h2 class=\"wp-block-heading\">En annorlunda drinkprovning &#8211; s\u00e5 g\u00e5r det till<\/h2>\r\n\r\n\r\n\r\n<p>Ditt s\u00e4llskap visas f\u00f6rst till ett bord d\u00e4r ni blir serverade en v\u00e4lkomstdrink av Laboratoriets v\u00e4rdar, f\u00f6r att sedan blanda tv\u00e5 signaturdrinkar per person. Dessa drinkar f\u00e5r ni sedan mixa till p\u00e5 egen hand. Innan drinkarna ska blandas f\u00e5r ni ta p\u00e5 er labbrockar och goggles (vi tummar inte p\u00e5 s\u00e4kerheten!) f\u00f6r att sedan, under instruktioner av Laboratoriets v\u00e4rdar, skapa ov\u00e4ntade, f\u00e4rgstarka och rykande drinkar med en twist.<\/p>\r\n\r\n\r\n\r\n<h2 class=\"wp-block-heading\">Att t\u00e4nka p\u00e5 innan du bes\u00f6ker Steampunk Lab<\/h2>\r\n\r\n\r\n\r\n<ul>\r\n<li>Tid p\u00e5 upplevelsen \u00e4r ca tv\u00e5 timmar.<\/li>\r\n<li>\u00d6nskar ni \u00e4ta middag efter labbet och vill vara s\u00e4ker p\u00e5 att f\u00e5 plats bokas det separat eller skriv det vid bokningstillf\u00e4llet.<\/li>\r\n<li>Minimum antal \u00e4r 6 personer.<\/li>\r\n<li>Max antal \u00e4r f\u00f6r tillf\u00e4llet 25 personer.<\/li>\r\n<li>Alkoholfria alternativ finns. Meddelas i f\u00f6rv\u00e4g!<\/li>\r\n<li>Meddela allergier i f\u00f6rv\u00e4g.<\/li>\r\n<li>Alla \u00e4ndringar samt avbokning senast 24 timmar innan.<\/li>\r\n<\/ul>\r\n<\/div>\r\n\r\n\r\n\r\n<div class=\"wp-block-column is-layout-flow wp-block-column-is-layout-flow\">\r\n<h2 class=\"wp-block-heading\">Blanda drinkar i kuslig steampunk-milj\u00f6<\/h2>\r\n\r\n\r\n\r\n<p class=\"has-text-align-left\" style=\"font-size: 19px;\">I Laboratoriet stiger ert s\u00e4llskap in i en lika sp\u00e4nnande som kuslig k\u00e4llarmilj\u00f6, komplett med giftflaskor, d\u00f6skallar, mystiska manicker och experimentanordningar. P\u00e5 plats f\u00e5r ni labbrockar, goggles och ingredienser f\u00f6r att sj\u00e4lva kunna blanda fantasifulla drinkar. I en atmosf\u00e4r med lika delar skr\u00e4ck och steampunk f\u00e5r ni en annorlunda upplevelse med h\u00f6g wow-faktor.<\/p>\r\n\r\n\r\n\r\n<p>I det m\u00f6rka och kusliga Laboratoriet \u00e4r v\u00e5r excentriska Professor fullt sysselsatt med sina hemlighetsfulla experiment. De \u00e4r dock i desperat behov av f\u00f6rs\u00f6kspersoner till sina senaste laborationer, och n\u00e4r blickarna faller p\u00e5 ert s\u00e4llskap f\u00e5r de en id\u00e9: ni ska hj\u00e4lpa till i deras experiment!<\/p>\r\n\r\n\r\n\r\n<figure class=\"wp-block-image size-large\"><img decoding=\"async\" class=\"wp-image-4147\" src=\"https:\/\/steampunkbar.se\/victorian\/wp-content\/uploads\/sites\/2\/2020\/01\/IMG_1346-min-1024x683.jpg\" alt=\"Experimentera med drinkar med Professor Boris Wollstone och Septimus\" width=\"689\" height=\"459.547\" srcset=\"https:\/\/steampunkbar.se\/victorian\/wp-content\/uploads\/sites\/2\/2020\/01\/IMG_1346-min-1024x683.jpg 1024w, https:\/\/steampunkbar.se\/victorian\/wp-content\/uploads\/sites\/2\/2020\/01\/IMG_1346-min-300x200.jpg 300w, https:\/\/steampunkbar.se\/victorian\/wp-content\/uploads\/sites\/2\/2020\/01\/IMG_1346-min-1536x1024.jpg 1536w, https:\/\/steampunkbar.se\/victorian\/wp-content\/uploads\/sites\/2\/2020\/01\/IMG_1346-min-2048x1365.jpg 2048w\" sizes=\"(max-width: 1024px) 100vw, 1024px\" \/><\/figure>\r\n<\/div>\r\n<\/div>\r\n\r\n\r\n\r\n<p><strong>V\u00e4lkommen <\/strong>att boka en h\u00e4ftig upplevelse i G\u00f6teborg!<br \/>En rolig och minnesv\u00e4rd after work, m\u00f6hippa, svensexa eller ha det extra skoj med kompisg\u00e4nget.<\/p>\r\n\r\n\r\n\r\n<p><em>Boka en tid redan idag genom att fylla i formul\u00e4ret h\u00e4r nedan eller kontakta oss p\u00e5 <\/em> <a href=\"tel:0313186090\">031-7742055<\/a> <em> eller skicka ett mail till <a href=\"mailto:victorian@atsteampunkbar.se\">victorian@atsteampunkbar.se<\/a>.<\/em><\/p>\r\n<p>Pris: 695:- per person vid 6 till 8 personer<\/p>\r\n<p>Pris: 595:- per person vid 9 eller fler personer<\/p>\r\n<p>Boka in 2- eller 3 r\u00e4tters meny innan eller efter labbet f\u00f6r 425:-\/520:- (menyn hittar du under menypaket)<\/p>\r\n<p>The experience is also available in English, <a href=\"mailto:victorian@atsteampunkbar.se\">email us<\/a> for more information!<\/p>\r\n\r\n\r\n\r\n<h2 class=\"wp-block-heading\">Boka en unik cocktailprovning i G\u00f6teborg h\u00e4r<\/h2>\r\n\r\n\r\n\r\n\n<div class=\"wpcf7 no-js\" id=\"wpcf7-f4782-o1\" lang=\"sv-SE\" dir=\"ltr\">\n<div class=\"screen-reader-response\"><p role=\"status\" aria-live=\"polite\" aria-atomic=\"true\"><\/p> <ul><\/ul><\/div>\n<form action=\"\/victorian\/wp-json\/wp\/v2\/pages\/97#wpcf7-f4782-o1\" method=\"post\" class=\"wpcf7-form init\" aria-label=\"Kontaktformul\u00e4r\" novalidate=\"novalidate\" data-status=\"init\">\n<div style=\"display: none;\">\n<input type=\"hidden\" name=\"_wpcf7\" value=\"4782\" \/>\n<input type=\"hidden\" name=\"_wpcf7_version\" value=\"5.9.5\" \/>\n<input type=\"hidden\" name=\"_wpcf7_locale\" value=\"sv_SE\" \/>\n<input type=\"hidden\" name=\"_wpcf7_unit_tag\" value=\"wpcf7-f4782-o1\" \/>\n<input type=\"hidden\" name=\"_wpcf7_container_post\" value=\"0\" \/>\n<input type=\"hidden\" name=\"_wpcf7_posted_data_hash\" value=\"\" \/>\n<\/div>\n<div class=\"row weird-input-fields\">\n\t<div class=\"col-md-6 col-12 mt-3\">\n\t\t<p><label>Namn*<\/label><br \/>\n<span class=\"wpcf7-form-control-wrap\" data-name=\"your-name\"><input size=\"40\" class=\"wpcf7-form-control wpcf7-text wpcf7-validates-as-required\" aria-required=\"true\" aria-invalid=\"false\" placeholder=\"Ditt namn*\" value=\"\" type=\"text\" name=\"your-name\" \/><\/span>\n\t\t<\/p>\n\t<\/div>\n\t<div class=\"col-md-6 col-12 mt-3\">\n\t\t<p><label>E-post*<\/label><br \/>\n<span class=\"wpcf7-form-control-wrap\" data-name=\"your-email\"><input size=\"40\" class=\"wpcf7-form-control wpcf7-email wpcf7-validates-as-required wpcf7-text wpcf7-validates-as-email\" aria-required=\"true\" aria-invalid=\"false\" placeholder=\"Din e-postadress*\" value=\"\" type=\"email\" name=\"your-email\" \/><\/span>\n\t\t<\/p>\n\t<\/div>\n\t<div class=\"col-md-6 col-12 mt-3\">\n\t\t<p><label>Telefon<\/label><br \/>\n<span class=\"wpcf7-form-control-wrap\" data-name=\"yourtel\"><input size=\"40\" class=\"wpcf7-form-control wpcf7-tel wpcf7-text wpcf7-validates-as-tel\" aria-invalid=\"false\" placeholder=\"Ditt telefonnummer\" value=\"\" type=\"tel\" name=\"yourtel\" \/><\/span>\n\t\t<\/p>\n\t<\/div>\n\t<div class=\"col-md-6 col-12 mt-3\">\n\t\t<p><label>Datum*<\/label><br \/>\n<span class=\"wpcf7-form-control-wrap\" data-name=\"date-arrive\"><input size=\"40\" class=\"wpcf7-form-control wpcf7-text wpcf7-validates-as-required\" aria-required=\"true\" aria-invalid=\"false\" placeholder=\"15 januari 2020*\" value=\"\" type=\"text\" name=\"date-arrive\" \/><\/span>\n\t\t<\/p>\n\t<\/div>\n\t<div class=\"col-md-6 col-12 mt-3\">\n\t\t<p><label>Tid*<\/label><br \/>\n<span class=\"wpcf7-form-control-wrap\" data-name=\"time-arrive\"><input size=\"40\" class=\"wpcf7-form-control wpcf7-text wpcf7-validates-as-required\" aria-required=\"true\" aria-invalid=\"false\" placeholder=\"18:30*\" value=\"\" type=\"text\" name=\"time-arrive\" \/><\/span>\n\t\t<\/p>\n\t<\/div>\n\t<div class=\"col-md-6 col-12 mt-3\">\n\t\t<p><label>Antal personer*<\/label><br \/>\n<span class=\"wpcf7-form-control-wrap\" data-name=\"antal-besokare\"><input class=\"wpcf7-form-control wpcf7-number wpcf7-validates-as-required wpcf7-validates-as-number\" aria-required=\"true\" aria-invalid=\"false\" placeholder=\"4\" value=\"\" type=\"number\" name=\"antal-besokare\" \/><\/span>\n\t\t<\/p>\n\t<\/div>\n<\/div>\n<p><label class=\"mt-3\">\u00d6vriga upplysningar till restaurangen, ex. allergier, alkoholfritt<\/label><br \/>\n<span class=\"wpcf7-form-control-wrap\" data-name=\"your-message\"><textarea cols=\"40\" rows=\"10\" class=\"wpcf7-form-control wpcf7-textarea\" aria-invalid=\"false\" placeholder=\"Skriv h\u00e4r...\" name=\"your-message\"><\/textarea><\/span>\n<\/p>\n<p><input class=\"wpcf7-form-control wpcf7-submit has-spinner btn-success\" type=\"submit\" value=\"Skicka\" \/>\n<\/p><div class=\"wpcf7-response-output\" aria-hidden=\"true\"><\/div>\n<\/form>\n<\/div>\n\r\n","protected":false},"excerpt":{"rendered":"<p>Drinkblandning i labbet med en twist G\u00f6teborgs hetaste upplevelse f\u00f6r after work, m\u00f6hippa, svensexa, f\u00f6delsedag eller kompisg\u00e4nget! Ta med dig kompisg\u00e4nget till oss p\u00e5 Victorian Steampunk Lab och l\u00e5t oss bjuda er p\u00e5 en rolig, annorlunda och minnesv\u00e4rd upplevelse. Ni kommer f\u00e5 ta p\u00e5 er labbrockar och skyddsglas\u00f6gon f\u00f6r att sedan f\u00e5 blanda och mixa <a href=\"https:\/\/steampunkbar.se\/victorian\/laboratoriet\/\" class=\"more-link\">&#8230;<\/a><\/p>\n","protected":false},"author":1,"featured_media":4090,"parent":0,"menu_order":0,"comment_status":"closed","ping_status":"closed","template":"sidmall-laboratoriet.php","meta":{"footnotes":""},"acf":[],"yoast_head":"<!-- This site is optimized with the Yoast SEO plugin v19.13 - https:\/\/yoast.com\/wordpress\/plugins\/seo\/ -->\n<title>Annorlunda &amp; rolig upplevelse i G\u00f6teborg-Laboratoriet<\/title>\n<meta name=\"description\" content=\"Ta med kompisg\u00e4nget eller arbetskamraterna p\u00e5 en annlorlunda och rolig upplevelse i G\u00f6teborg. I laboratoriet kommer ni f\u00e5 blanda era egna rykande drinkar.\" \/>\n<meta name=\"robots\" content=\"index, follow, max-snippet:-1, max-image-preview:large, max-video-preview:-1\" \/>\n<link rel=\"canonical\" href=\"https:\/\/steampunkbar.se\/victorian\/laboratoriet\/\" \/>\n<meta property=\"og:locale\" content=\"sv_SE\" \/>\n<meta property=\"og:type\" content=\"article\" \/>\n<meta property=\"og:title\" content=\"Annorlunda &amp; rolig upplevelse i G\u00f6teborg-Laboratoriet\" \/>\n<meta property=\"og:description\" content=\"Ta med kompisg\u00e4nget eller arbetskamraterna p\u00e5 en annlorlunda och rolig upplevelse i G\u00f6teborg. I laboratoriet kommer ni f\u00e5 blanda era egna rykande drinkar.\" \/>\n<meta property=\"og:url\" content=\"https:\/\/steampunkbar.se\/victorian\/laboratoriet\/\" \/>\n<meta property=\"og:site_name\" content=\"Victorian Steampunk Lab\" \/>\n<meta property=\"article:modified_time\" content=\"2025-11-25T15:51:36+00:00\" \/>\n<meta property=\"og:image\" content=\"https:\/\/steampunkbar.se\/victorian\/wp-content\/uploads\/sites\/2\/2020\/01\/IMG_1109-min-scaled.jpg\" \/>\n\t<meta property=\"og:image:width\" content=\"2560\" \/>\n\t<meta property=\"og:image:height\" content=\"1707\" \/>\n\t<meta property=\"og:image:type\" content=\"image\/jpeg\" \/>\n<meta name=\"twitter:card\" content=\"summary_large_image\" \/>\n<meta name=\"twitter:label1\" content=\"Ber\u00e4knad l\u00e4stid\" \/>\n\t<meta name=\"twitter:data1\" content=\"2 minuter\" \/>\n<script type=\"application\/ld+json\" class=\"yoast-schema-graph\">{\"@context\":\"https:\/\/schema.org\",\"@graph\":[{\"@type\":\"WebPage\",\"@id\":\"https:\/\/steampunkbar.se\/victorian\/laboratoriet\/\",\"url\":\"https:\/\/steampunkbar.se\/victorian\/laboratoriet\/\",\"name\":\"Annorlunda & rolig upplevelse i G\u00f6teborg-Laboratoriet\",\"isPartOf\":{\"@id\":\"https:\/\/steampunkbar.se\/victorian\/#website\"},\"datePublished\":\"2019-10-28T13:56:27+00:00\",\"dateModified\":\"2025-11-25T15:51:36+00:00\",\"description\":\"Ta med kompisg\u00e4nget eller arbetskamraterna p\u00e5 en annlorlunda och rolig upplevelse i G\u00f6teborg. I laboratoriet kommer ni f\u00e5 blanda era egna rykande drinkar.\",\"breadcrumb\":{\"@id\":\"https:\/\/steampunkbar.se\/victorian\/laboratoriet\/#breadcrumb\"},\"inLanguage\":\"sv-SE\",\"potentialAction\":[{\"@type\":\"ReadAction\",\"target\":[\"https:\/\/steampunkbar.se\/victorian\/laboratoriet\/\"]}]},{\"@type\":\"BreadcrumbList\",\"@id\":\"https:\/\/steampunkbar.se\/victorian\/laboratoriet\/#breadcrumb\",\"itemListElement\":[{\"@type\":\"ListItem\",\"position\":1,\"name\":\"Hem\",\"item\":\"https:\/\/steampunkbar.se\/victorian\/\"},{\"@type\":\"ListItem\",\"position\":2,\"name\":\"Laboratoriet &#8211; Victorian Steampunk Lab i G\u00f6teborg\"}]},{\"@type\":\"WebSite\",\"@id\":\"https:\/\/steampunkbar.se\/victorian\/#website\",\"url\":\"https:\/\/steampunkbar.se\/victorian\/\",\"name\":\"Victorian Steampunk Lab\",\"description\":\"Resturang victorian steampunk lab\",\"potentialAction\":[{\"@type\":\"SearchAction\",\"target\":{\"@type\":\"EntryPoint\",\"urlTemplate\":\"https:\/\/steampunkbar.se\/victorian\/?s={search_term_string}\"},\"query-input\":\"required name=search_term_string\"}],\"inLanguage\":\"sv-SE\"}]}<\/script>\n<!-- \/ Yoast SEO plugin. -->","yoast_head_json":{"title":"Annorlunda & rolig upplevelse i G\u00f6teborg-Laboratoriet","description":"Ta med kompisg\u00e4nget eller arbetskamraterna p\u00e5 en annlorlunda och rolig upplevelse i G\u00f6teborg. I laboratoriet kommer ni f\u00e5 blanda era egna rykande drinkar.","robots":{"index":"index","follow":"follow","max-snippet":"max-snippet:-1","max-image-preview":"max-image-preview:large","max-video-preview":"max-video-preview:-1"},"canonical":"https:\/\/steampunkbar.se\/victorian\/laboratoriet\/","og_locale":"sv_SE","og_type":"article","og_title":"Annorlunda & rolig upplevelse i G\u00f6teborg-Laboratoriet","og_description":"Ta med kompisg\u00e4nget eller arbetskamraterna p\u00e5 en annlorlunda och rolig upplevelse i G\u00f6teborg. I laboratoriet kommer ni f\u00e5 blanda era egna rykande drinkar.","og_url":"https:\/\/steampunkbar.se\/victorian\/laboratoriet\/","og_site_name":"Victorian Steampunk Lab","article_modified_time":"2025-11-25T15:51:36+00:00","og_image":[{"width":2560,"height":1707,"url":"https:\/\/steampunkbar.se\/victorian\/wp-content\/uploads\/sites\/2\/2020\/01\/IMG_1109-min-scaled.jpg","type":"image\/jpeg"}],"twitter_card":"summary_large_image","twitter_misc":{"Ber\u00e4knad l\u00e4stid":"2 minuter"},"schema":{"@context":"https:\/\/schema.org","@graph":[{"@type":"WebPage","@id":"https:\/\/steampunkbar.se\/victorian\/laboratoriet\/","url":"https:\/\/steampunkbar.se\/victorian\/laboratoriet\/","name":"Annorlunda & rolig upplevelse i G\u00f6teborg-Laboratoriet","isPartOf":{"@id":"https:\/\/steampunkbar.se\/victorian\/#website"},"datePublished":"2019-10-28T13:56:27+00:00","dateModified":"2025-11-25T15:51:36+00:00","description":"Ta med kompisg\u00e4nget eller arbetskamraterna p\u00e5 en annlorlunda och rolig upplevelse i G\u00f6teborg. I laboratoriet kommer ni f\u00e5 blanda era egna rykande drinkar.","breadcrumb":{"@id":"https:\/\/steampunkbar.se\/victorian\/laboratoriet\/#breadcrumb"},"inLanguage":"sv-SE","potentialAction":[{"@type":"ReadAction","target":["https:\/\/steampunkbar.se\/victorian\/laboratoriet\/"]}]},{"@type":"BreadcrumbList","@id":"https:\/\/steampunkbar.se\/victorian\/laboratoriet\/#breadcrumb","itemListElement":[{"@type":"ListItem","position":1,"name":"Hem","item":"https:\/\/steampunkbar.se\/victorian\/"},{"@type":"ListItem","position":2,"name":"Laboratoriet &#8211; Victorian Steampunk Lab i G\u00f6teborg"}]},{"@type":"WebSite","@id":"https:\/\/steampunkbar.se\/victorian\/#website","url":"https:\/\/steampunkbar.se\/victorian\/","name":"Victorian Steampunk Lab","description":"Resturang victorian steampunk lab","potentialAction":[{"@type":"SearchAction","target":{"@type":"EntryPoint","urlTemplate":"https:\/\/steampunkbar.se\/victorian\/?s={search_term_string}"},"query-input":"required name=search_term_string"}],"inLanguage":"sv-SE"}]}},"_links":{"self":[{"href":"https:\/\/steampunkbar.se\/victorian\/wp-json\/wp\/v2\/pages\/97"}],"collection":[{"href":"https:\/\/steampunkbar.se\/victorian\/wp-json\/wp\/v2\/pages"}],"about":[{"href":"https:\/\/steampunkbar.se\/victorian\/wp-json\/wp\/v2\/types\/page"}],"author":[{"embeddable":true,"href":"https:\/\/steampunkbar.se\/victorian\/wp-json\/wp\/v2\/users\/1"}],"replies":[{"embeddable":true,"href":"https:\/\/steampunkbar.se\/victorian\/wp-json\/wp\/v2\/comments?post=97"}],"version-history":[{"count":96,"href":"https:\/\/steampunkbar.se\/victorian\/wp-json\/wp\/v2\/pages\/97\/revisions"}],"predecessor-version":[{"id":7180,"href":"https:\/\/steampunkbar.se\/victorian\/wp-json\/wp\/v2\/pages\/97\/revisions\/7180"}],"wp:featuredmedia":[{"embeddable":true,"href":"https:\/\/steampunkbar.se\/victorian\/wp-json\/wp\/v2\/media\/4090"}],"wp:attachment":[{"href":"https:\/\/steampunkbar.se\/victorian\/wp-json\/wp\/v2\/media?parent=97"}],"curies":[{"name":"wp","href":"https:\/\/api.w.org\/{rel}","templated":true}]}}